{"id":1401,"date":"2023-09-26T11:06:37","date_gmt":"2023-09-26T10:06:37","guid":{"rendered":"https:\/\/narrarloinvisible.com\/?page_id=1401"},"modified":"2023-09-26T12:09:12","modified_gmt":"2023-09-26T11:09:12","slug":"universo","status":"publish","type":"page","link":"https:\/\/narrarloinvisible.com\/en\/universo\/","title":{"rendered":"UNIVERSE"},"content":{"rendered":"<p class=\"has-20-font-size\">If you\u2019ve already started digging into this story you will have discovered strange protagonists and mysterious secondary characters, iconic scenarios and singular problems. On this page you can learn more about them and understand their narrative relevance.<\/p>\n\n\n\n<div class=\"wp-block-media-text has-media-on-the-right is-stacked-on-mobile\"><div class=\"wp-block-media-text__content\">\n<h4 class=\"wp-block-heading\">The Hero...<\/h4>\n\n\n\n<p class=\"has-20-font-size\">when he started, he was nothing but one of hundreds of thousands of identical, monotonous and apathetic sensors. Seemingly ordinary and featureless, it was magic and fate that marked him. Now, he lives on the run and his life is a classic tragedy where he\u2019s dragged along by his own story. But the intensity of these experiences has given him special abilities and the capacity for things yet to be discovered. <\/p>\n<\/div><figure class=\"wp-block-media-text__media\"><img loading=\"lazy\" decoding=\"async\" width=\"1024\" height=\"1024\" src=\"https:\/\/narrarloinvisible.com\/wp-content\/uploads\/2023\/09\/IMG_2154-1024x1024.jpeg\" alt=\"\" class=\"wp-image-1407 size-full\" srcset=\"https:\/\/narrarloinvisible.com\/wp-content\/uploads\/2023\/09\/IMG_2154-1024x1024.jpeg 1024w, https:\/\/narrarloinvisible.com\/wp-content\/uploads\/2023\/09\/IMG_2154-300x300.jpeg 300w, https:\/\/narrarloinvisible.com\/wp-content\/uploads\/2023\/09\/IMG_2154-150x150.jpeg 150w, https:\/\/narrarloinvisible.com\/wp-content\/uploads\/2023\/09\/IMG_2154-768x768.jpeg 768w, https:\/\/narrarloinvisible.com\/wp-content\/uploads\/2023\/09\/IMG_2154-1536x1536.jpeg 1536w, https:\/\/narrarloinvisible.com\/wp-content\/uploads\/2023\/09\/IMG_2154.jpeg 1949w\" sizes=\"auto, (max-width: 1024px) 100vw, 1024px\" \/><\/figure><\/div>\n\n\n\n<div class=\"wp-block-media-text has-media-on-the-right is-stacked-on-mobile\"><div class=\"wp-block-media-text__content\">\n<h4 class=\"wp-block-heading\">The Alter Ego...<\/h4>\n\n\n\n<p class=\"has-20-font-size\">is an exasperating chatterbox. He originally came to this universe as a parasite in order to awaken the sensor, but his initial objective changed when an unexpected explosive accident that blasted him out of his host. <\/p>\n\n\n\n<p class=\"has-20-font-size\">In this new version he becomes an extension of the hero who accompanies him and gives him advice and clarifications, shapeshifting at will to express himself. <\/p>\n<\/div><figure class=\"wp-block-media-text__media\"><img loading=\"lazy\" decoding=\"async\" width=\"1024\" height=\"1024\" src=\"https:\/\/narrarloinvisible.com\/wp-content\/uploads\/2023\/09\/IMG_2167-1024x1024.jpeg\" alt=\"\" class=\"wp-image-1414 size-full\" srcset=\"https:\/\/narrarloinvisible.com\/wp-content\/uploads\/2023\/09\/IMG_2167-1024x1024.jpeg 1024w, https:\/\/narrarloinvisible.com\/wp-content\/uploads\/2023\/09\/IMG_2167-300x300.jpeg 300w, https:\/\/narrarloinvisible.com\/wp-content\/uploads\/2023\/09\/IMG_2167-150x150.jpeg 150w, https:\/\/narrarloinvisible.com\/wp-content\/uploads\/2023\/09\/IMG_2167-768x768.jpeg 768w, https:\/\/narrarloinvisible.com\/wp-content\/uploads\/2023\/09\/IMG_2167.jpeg 1080w\" sizes=\"auto, (max-width: 1024px) 100vw, 1024px\" \/><\/figure><\/div>\n\n\n\n<div class=\"wp-block-media-text has-media-on-the-right is-stacked-on-mobile\"><div class=\"wp-block-media-text__content\">\n<h4 class=\"wp-block-heading\">The Snake...<\/h4>\n\n\n\n<p class=\"has-20-font-size\">is omnipresent in this story, always hovering around the Instrument, piercing reality and appearing to intervene at key moments. Its origin and mission are unknown, but it obviously knows about the great problems that the Anomaly will cause. It travels freely through the Substance, waiting for us to discover its hidden enigmas. <\/p>\n<\/div><figure class=\"wp-block-media-text__media\"><img loading=\"lazy\" decoding=\"async\" width=\"1024\" height=\"1024\" src=\"https:\/\/narrarloinvisible.com\/wp-content\/uploads\/2023\/09\/IMG_2166-1024x1024.jpeg\" alt=\"\" class=\"wp-image-1415 size-full\" srcset=\"https:\/\/narrarloinvisible.com\/wp-content\/uploads\/2023\/09\/IMG_2166-1024x1024.jpeg 1024w, https:\/\/narrarloinvisible.com\/wp-content\/uploads\/2023\/09\/IMG_2166-300x300.jpeg 300w, https:\/\/narrarloinvisible.com\/wp-content\/uploads\/2023\/09\/IMG_2166-150x150.jpeg 150w, https:\/\/narrarloinvisible.com\/wp-content\/uploads\/2023\/09\/IMG_2166-768x768.jpeg 768w, https:\/\/narrarloinvisible.com\/wp-content\/uploads\/2023\/09\/IMG_2166-1536x1536.jpeg 1536w, https:\/\/narrarloinvisible.com\/wp-content\/uploads\/2023\/09\/IMG_2166.jpeg 2048w\" sizes=\"auto, (max-width: 1024px) 100vw, 1024px\" \/><\/figure><\/div>\n\n\n\n<div class=\"wp-block-media-text has-media-on-the-right is-stacked-on-mobile\"><div class=\"wp-block-media-text__content\">\n<h4 class=\"wp-block-heading\">The Masters...<\/h4>\n\n\n\n<p class=\"has-20-font-size\">are yet to be revealed. Apparently, they know the mission of our hero and can intervene in his future. There are several of them and they all carry amulets whose power is linked to how they appear. So far, we know that they can alter dreams, emotions and fate itself. We will soon learn more, both about them and with them.<\/p>\n<\/div><figure class=\"wp-block-media-text__media\"><img loading=\"lazy\" decoding=\"async\" width=\"1024\" height=\"1024\" src=\"https:\/\/narrarloinvisible.com\/wp-content\/uploads\/2023\/09\/IMG_2169-1024x1024.jpeg\" alt=\"\" class=\"wp-image-1416 size-full\" srcset=\"https:\/\/narrarloinvisible.com\/wp-content\/uploads\/2023\/09\/IMG_2169-1024x1024.jpeg 1024w, https:\/\/narrarloinvisible.com\/wp-content\/uploads\/2023\/09\/IMG_2169-300x300.jpeg 300w, https:\/\/narrarloinvisible.com\/wp-content\/uploads\/2023\/09\/IMG_2169-150x150.jpeg 150w, https:\/\/narrarloinvisible.com\/wp-content\/uploads\/2023\/09\/IMG_2169-768x768.jpeg 768w, https:\/\/narrarloinvisible.com\/wp-content\/uploads\/2023\/09\/IMG_2169-1536x1536.jpeg 1536w, https:\/\/narrarloinvisible.com\/wp-content\/uploads\/2023\/09\/IMG_2169.jpeg 2048w\" sizes=\"auto, (max-width: 1024px) 100vw, 1024px\" \/><\/figure><\/div>","protected":false},"excerpt":{"rendered":"<p>Si ya te has adentrado en este relato habr\u00e1s descubierto extra\u00f1os protagonistas y secundarios misteriosos, escenarios ic\u00f3nicos y problem\u00e1ticas singulares. En esta p\u00e1gina podr\u00e1s saber algo m\u00e1s sobre ellos y comprender su relevancia narrativa. El H\u00e9roe\u2026 en sus inicios, no era m\u00e1s que uno entre cientos de miles de sensores id\u00e9nticos, mon\u00f3tonos y ap\u00e1ticos. Aparentemente [&hellip;]<\/p>","protected":false},"author":1,"featured_media":0,"parent":0,"menu_order":0,"comment_status":"closed","ping_status":"closed","template":"","meta":{"footnotes":""},"class_list":["post-1401","page","type-page","status-publish","hentry"],"yoast_head":"<!-- This site is optimized with the Yoast SEO plugin v25.7 - https:\/\/yoast.com\/wordpress\/plugins\/seo\/ -->\n<title>UNIVERSO - Narrar lo invisible<\/title>\n<meta name=\"robots\" content=\"index, follow, max-snippet:-1, max-image-preview:large, max-video-preview:-1\" \/>\n<link rel=\"canonical\" href=\"https:\/\/narrarloinvisible.com\/en\/universo\/\" \/>\n<meta property=\"og:locale\" content=\"en_US\" \/>\n<meta property=\"og:type\" content=\"article\" \/>\n<meta property=\"og:title\" content=\"UNIVERSO - Narrar lo invisible\" \/>\n<meta property=\"og:description\" content=\"Si ya te has adentrado en este relato habr\u00e1s descubierto extra\u00f1os protagonistas y secundarios misteriosos, escenarios ic\u00f3nicos y problem\u00e1ticas singulares. En esta p\u00e1gina podr\u00e1s saber algo m\u00e1s sobre ellos y comprender su relevancia narrativa. El H\u00e9roe\u2026 en sus inicios, no era m\u00e1s que uno entre cientos de miles de sensores id\u00e9nticos, mon\u00f3tonos y ap\u00e1ticos. Aparentemente [&hellip;]\" \/>\n<meta property=\"og:url\" content=\"https:\/\/narrarloinvisible.com\/en\/universo\/\" \/>\n<meta property=\"og:site_name\" content=\"Narrar lo invisible\" \/>\n<meta property=\"article:modified_time\" content=\"2023-09-26T11:09:12+00:00\" \/>\n<meta property=\"og:image\" content=\"https:\/\/narrarloinvisible.com\/wp-content\/uploads\/2023\/09\/IMG_2154-1024x1024.jpeg\" \/>\n<meta name=\"twitter:card\" content=\"summary_large_image\" \/>\n<meta name=\"twitter:site\" content=\"@zertuiter\" \/>\n<meta name=\"twitter:label1\" content=\"Est. reading time\" \/>\n\t<meta name=\"twitter:data1\" content=\"3 minutes\" \/>\n<script type=\"application\/ld+json\" class=\"yoast-schema-graph\">{\"@context\":\"https:\/\/schema.org\",\"@graph\":[{\"@type\":\"WebPage\",\"@id\":\"https:\/\/narrarloinvisible.com\/universo\/\",\"url\":\"https:\/\/narrarloinvisible.com\/universo\/\",\"name\":\"UNIVERSO - Narrar lo invisible\",\"isPartOf\":{\"@id\":\"https:\/\/narrarloinvisible.com\/#website\"},\"primaryImageOfPage\":{\"@id\":\"https:\/\/narrarloinvisible.com\/universo\/#primaryimage\"},\"image\":{\"@id\":\"https:\/\/narrarloinvisible.com\/universo\/#primaryimage\"},\"thumbnailUrl\":\"https:\/\/narrarloinvisible.com\/wp-content\/uploads\/2023\/09\/IMG_2154-1024x1024.jpeg\",\"datePublished\":\"2023-09-26T10:06:37+00:00\",\"dateModified\":\"2023-09-26T11:09:12+00:00\",\"breadcrumb\":{\"@id\":\"https:\/\/narrarloinvisible.com\/universo\/#breadcrumb\"},\"inLanguage\":\"en-US\",\"potentialAction\":[{\"@type\":\"ReadAction\",\"target\":[\"https:\/\/narrarloinvisible.com\/universo\/\"]}]},{\"@type\":\"ImageObject\",\"inLanguage\":\"en-US\",\"@id\":\"https:\/\/narrarloinvisible.com\/universo\/#primaryimage\",\"url\":\"https:\/\/narrarloinvisible.com\/wp-content\/uploads\/2023\/09\/IMG_2154-1024x1024.jpeg\",\"contentUrl\":\"https:\/\/narrarloinvisible.com\/wp-content\/uploads\/2023\/09\/IMG_2154-1024x1024.jpeg\"},{\"@type\":\"BreadcrumbList\",\"@id\":\"https:\/\/narrarloinvisible.com\/universo\/#breadcrumb\",\"itemListElement\":[{\"@type\":\"ListItem\",\"position\":1,\"name\":\"Portada\",\"item\":\"https:\/\/narrarloinvisible.com\/\"},{\"@type\":\"ListItem\",\"position\":2,\"name\":\"UNIVERSO\"}]},{\"@type\":\"WebSite\",\"@id\":\"https:\/\/narrarloinvisible.com\/#website\",\"url\":\"https:\/\/narrarloinvisible.com\/\",\"name\":\"Narrar lo invisible\",\"description\":\"Un webcomic sobre el extra\u00f1amiento \u2014 Zer\",\"publisher\":{\"@id\":\"https:\/\/narrarloinvisible.com\/#\/schema\/person\/1cd2bd889440ad7212efce7f33e91799\"},\"potentialAction\":[{\"@type\":\"SearchAction\",\"target\":{\"@type\":\"EntryPoint\",\"urlTemplate\":\"https:\/\/narrarloinvisible.com\/?s={search_term_string}\"},\"query-input\":{\"@type\":\"PropertyValueSpecification\",\"valueRequired\":true,\"valueName\":\"search_term_string\"}}],\"inLanguage\":\"en-US\"},{\"@type\":[\"Person\",\"Organization\"],\"@id\":\"https:\/\/narrarloinvisible.com\/#\/schema\/person\/1cd2bd889440ad7212efce7f33e91799\",\"name\":\"Zer\",\"image\":{\"@type\":\"ImageObject\",\"inLanguage\":\"en-US\",\"@id\":\"https:\/\/narrarloinvisible.com\/#\/schema\/person\/image\/\",\"url\":\"https:\/\/narrarloinvisible.com\/wp-content\/uploads\/2023\/01\/cropped-titulo_web.png\",\"contentUrl\":\"https:\/\/narrarloinvisible.com\/wp-content\/uploads\/2023\/01\/cropped-titulo_web.png\",\"width\":265,\"height\":45,\"caption\":\"Zer\"},\"logo\":{\"@id\":\"https:\/\/narrarloinvisible.com\/#\/schema\/person\/image\/\"},\"sameAs\":[\"http:\/\/narrarloinvisible-com.preview-domain.com\",\"https:\/\/instagram.com\/zde.zer\/\",\"https:\/\/x.com\/https:\/\/twitter.com\/zertuiter\"]}]}<\/script>\n<!-- \/ Yoast SEO plugin. -->","yoast_head_json":{"title":"UNIVERSO - Narrar lo invisible","robots":{"index":"index","follow":"follow","max-snippet":"max-snippet:-1","max-image-preview":"max-image-preview:large","max-video-preview":"max-video-preview:-1"},"canonical":"https:\/\/narrarloinvisible.com\/en\/universo\/","og_locale":"en_US","og_type":"article","og_title":"UNIVERSO - Narrar lo invisible","og_description":"Si ya te has adentrado en este relato habr\u00e1s descubierto extra\u00f1os protagonistas y secundarios misteriosos, escenarios ic\u00f3nicos y problem\u00e1ticas singulares. En esta p\u00e1gina podr\u00e1s saber algo m\u00e1s sobre ellos y comprender su relevancia narrativa. El H\u00e9roe\u2026 en sus inicios, no era m\u00e1s que uno entre cientos de miles de sensores id\u00e9nticos, mon\u00f3tonos y ap\u00e1ticos. Aparentemente [&hellip;]","og_url":"https:\/\/narrarloinvisible.com\/en\/universo\/","og_site_name":"Narrar lo invisible","article_modified_time":"2023-09-26T11:09:12+00:00","og_image":[{"url":"https:\/\/narrarloinvisible.com\/wp-content\/uploads\/2023\/09\/IMG_2154-1024x1024.jpeg","type":"","width":"","height":""}],"twitter_card":"summary_large_image","twitter_site":"@zertuiter","twitter_misc":{"Est. reading time":"3 minutes"},"schema":{"@context":"https:\/\/schema.org","@graph":[{"@type":"WebPage","@id":"https:\/\/narrarloinvisible.com\/universo\/","url":"https:\/\/narrarloinvisible.com\/universo\/","name":"UNIVERSO - Narrar lo invisible","isPartOf":{"@id":"https:\/\/narrarloinvisible.com\/#website"},"primaryImageOfPage":{"@id":"https:\/\/narrarloinvisible.com\/universo\/#primaryimage"},"image":{"@id":"https:\/\/narrarloinvisible.com\/universo\/#primaryimage"},"thumbnailUrl":"https:\/\/narrarloinvisible.com\/wp-content\/uploads\/2023\/09\/IMG_2154-1024x1024.jpeg","datePublished":"2023-09-26T10:06:37+00:00","dateModified":"2023-09-26T11:09:12+00:00","breadcrumb":{"@id":"https:\/\/narrarloinvisible.com\/universo\/#breadcrumb"},"inLanguage":"en-US","potentialAction":[{"@type":"ReadAction","target":["https:\/\/narrarloinvisible.com\/universo\/"]}]},{"@type":"ImageObject","inLanguage":"en-US","@id":"https:\/\/narrarloinvisible.com\/universo\/#primaryimage","url":"https:\/\/narrarloinvisible.com\/wp-content\/uploads\/2023\/09\/IMG_2154-1024x1024.jpeg","contentUrl":"https:\/\/narrarloinvisible.com\/wp-content\/uploads\/2023\/09\/IMG_2154-1024x1024.jpeg"},{"@type":"BreadcrumbList","@id":"https:\/\/narrarloinvisible.com\/universo\/#breadcrumb","itemListElement":[{"@type":"ListItem","position":1,"name":"Portada","item":"https:\/\/narrarloinvisible.com\/"},{"@type":"ListItem","position":2,"name":"UNIVERSO"}]},{"@type":"WebSite","@id":"https:\/\/narrarloinvisible.com\/#website","url":"https:\/\/narrarloinvisible.com\/","name":"Narrar lo invisible","description":"Un webcomic sobre el extra\u00f1amiento \u2014 Zer","publisher":{"@id":"https:\/\/narrarloinvisible.com\/#\/schema\/person\/1cd2bd889440ad7212efce7f33e91799"},"potentialAction":[{"@type":"SearchAction","target":{"@type":"EntryPoint","urlTemplate":"https:\/\/narrarloinvisible.com\/?s={search_term_string}"},"query-input":{"@type":"PropertyValueSpecification","valueRequired":true,"valueName":"search_term_string"}}],"inLanguage":"en-US"},{"@type":["Person","Organization"],"@id":"https:\/\/narrarloinvisible.com\/#\/schema\/person\/1cd2bd889440ad7212efce7f33e91799","name":"Zer","image":{"@type":"ImageObject","inLanguage":"en-US","@id":"https:\/\/narrarloinvisible.com\/#\/schema\/person\/image\/","url":"https:\/\/narrarloinvisible.com\/wp-content\/uploads\/2023\/01\/cropped-titulo_web.png","contentUrl":"https:\/\/narrarloinvisible.com\/wp-content\/uploads\/2023\/01\/cropped-titulo_web.png","width":265,"height":45,"caption":"Zer"},"logo":{"@id":"https:\/\/narrarloinvisible.com\/#\/schema\/person\/image\/"},"sameAs":["http:\/\/narrarloinvisible-com.preview-domain.com","https:\/\/instagram.com\/zde.zer\/","https:\/\/x.com\/https:\/\/twitter.com\/zertuiter"]}]}},"_links":{"self":[{"href":"https:\/\/narrarloinvisible.com\/en\/wp-json\/wp\/v2\/pages\/1401","targetHints":{"allow":["GET"]}}],"collection":[{"href":"https:\/\/narrarloinvisible.com\/en\/wp-json\/wp\/v2\/pages"}],"about":[{"href":"https:\/\/narrarloinvisible.com\/en\/wp-json\/wp\/v2\/types\/page"}],"author":[{"embeddable":true,"href":"https:\/\/narrarloinvisible.com\/en\/wp-json\/wp\/v2\/users\/1"}],"replies":[{"embeddable":true,"href":"https:\/\/narrarloinvisible.com\/en\/wp-json\/wp\/v2\/comments?post=1401"}],"version-history":[{"count":15,"href":"https:\/\/narrarloinvisible.com\/en\/wp-json\/wp\/v2\/pages\/1401\/revisions"}],"predecessor-version":[{"id":1861,"href":"https:\/\/narrarloinvisible.com\/en\/wp-json\/wp\/v2\/pages\/1401\/revisions\/1861"}],"wp:attachment":[{"href":"https:\/\/narrarloinvisible.com\/en\/wp-json\/wp\/v2\/media?parent=1401"}],"curies":[{"name":"wp","href":"https:\/\/api.w.org\/{rel}","templated":true}]}}