{"id":273,"date":"2022-12-29T00:36:26","date_gmt":"2022-12-28T23:36:26","guid":{"rendered":"https:\/\/narrarloinvisible.com\/?page_id=273"},"modified":"2023-09-26T12:08:08","modified_gmt":"2023-09-26T11:08:08","slug":"faq","status":"publish","type":"page","link":"https:\/\/narrarloinvisible.com\/en\/faq\/","title":{"rendered":"FAQ"},"content":{"rendered":"<h4 class=\"wp-block-heading\">What kind of comic will I find here?<\/h4>\n\n\n\n<p class=\"has-20-font-size\">If you know me and you've read some of what I've published, it\u2019ll come as no surprise: I don't guarantee an easy read. It will be a unique and experimental experience. A design that draws from comic and information design influences. I want it to resemble the works of Chris Ware, Nigel Holmes, Sergio Garc\u00eda, Jaime Serra, Calpurnio, Tom Gauld, Giorgia Lupi, Kevin Huizenga, Dan Zettwoch, Bunpei Yorifuji and many others from whom I have learned how to express myself through infographic narrative.<\/p>\n\n\n\n<hr class=\"wp-block-separator has-alpha-channel-opacity is-style-dots\"\/>\n\n\n\n<h4 class=\"wp-block-heading\">Why does this comic exist?<\/h4>\n\n\n\n<p class=\"has-20-font-size\">This website is the result of a curiosity that arose during my fine arts education and that culminated in a doctoral thesis on diagrams and comics. Somehow this is my personal way of showing you that text in a format for (almost) all audiences.<br><br>Do you want to read the  doctoral thesis? (in Spanish only): <strong><a href=\"https:\/\/digibug.ugr.es\/handle\/10481\/42602\" target=\"_blank\" rel=\"noreferrer noopener\">The Schematic in the Enrichment of Comics<\/a><\/strong>.<\/p>\n\n\n\n<hr class=\"wp-block-separator has-alpha-channel-opacity is-style-dots\"\/>\n\n\n\n<h4 class=\"wp-block-heading\">Are there other texts where I can delve deeper into this topic? (texts only in spanish)<\/h4>\n\n\n\n<p class=\"has-20-font-size\">Besides my thesis, <strong><a href=\"https:\/\/digibug.ugr.es\/handle\/10481\/42602\" target=\"_blank\" rel=\"noreferrer noopener\">The Schematic in the Enrichment of Comics<\/a><\/strong>,  you can read an excerpt in the work: <strong><a href=\"https:\/\/papiro.unizar.es\/ojs\/index.php\/tropelias\/article\/download\/6920\/6095\" target=\"_blank\" rel=\"noreferrer noopener\">\"Graphic-Narrative Languages: Specificities, Intermedialities, and Graphic Theories,\"<\/a><\/strong>where I also wrote an article summarizing what I consider to be the most valuable aspects of my research. Years ago, I published an approach in the <a href=\"https:\/\/erevistas.publicaciones.uah.es\/ojs\/index.php\/cuadernosdecomic\/article\/download\/1328\/643\/1758\" target=\"_blank\" rel=\"noreferrer noopener\"><strong>Cuco Magazine<\/strong><\/a> that marked the beginning of my reflections on the encounters between schemas and comics. <br><br>Little by little, I try to make a round trip; I try to apply narrative perspective to information design, for example, by locating <a href=\"https:\/\/medium.com\/think-by-shifta\/5-autores-para-una-visualizaci\u00f3n-de-datos-emocional-5caf41879e7b\" target=\"_blank\" rel=\"noreferrer noopener\"><strong>4 authors for an emotional data visualization<\/strong><\/a> or providing <strong><a href=\"https:\/\/medium.com\/think-by-shifta\/tres-claves-para-una-infograf\u00eda-narrativa-58b4ca79d22a\" target=\"_blank\" rel=\"noreferrer noopener\">Three Keys for Narrative Infographics<\/a><\/strong>.<\/p>\n\n\n\n<div style=\"height:20px\" aria-hidden=\"true\" class=\"wp-block-spacer\"><\/div>","protected":false},"excerpt":{"rendered":"<p>\u00bfQu\u00e9 tipo de c\u00f3mic me voy a encontrar? Si me conoces y has le\u00eddo algo de lo que he publicado, no te enga\u00f1ar\u00e9: no te garantizo una lectura sencilla. S\u00ed ser\u00e1 una experiencia original y experimental. Una propuesta que bebe de influencias del c\u00f3mic y del dise\u00f1o de la informaci\u00f3n. Me interesa que se parezca [&hellip;]<\/p>","protected":false},"author":1,"featured_media":0,"parent":0,"menu_order":0,"comment_status":"closed","ping_status":"closed","template":"","meta":{"footnotes":""},"class_list":["post-273","page","type-page","status-publish","hentry"],"yoast_head":"<!-- This site is optimized with the Yoast SEO plugin v25.7 - https:\/\/yoast.com\/wordpress\/plugins\/seo\/ -->\n<title>FAQ - Narrar lo invisible<\/title>\n<meta name=\"robots\" content=\"index, follow, max-snippet:-1, max-image-preview:large, max-video-preview:-1\" \/>\n<link rel=\"canonical\" href=\"https:\/\/narrarloinvisible.com\/en\/faq\/\" \/>\n<meta property=\"og:locale\" content=\"en_US\" \/>\n<meta property=\"og:type\" content=\"article\" \/>\n<meta property=\"og:title\" content=\"FAQ - Narrar lo invisible\" \/>\n<meta property=\"og:description\" content=\"\u00bfQu\u00e9 tipo de c\u00f3mic me voy a encontrar? Si me conoces y has le\u00eddo algo de lo que he publicado, no te enga\u00f1ar\u00e9: no te garantizo una lectura sencilla. S\u00ed ser\u00e1 una experiencia original y experimental. Una propuesta que bebe de influencias del c\u00f3mic y del dise\u00f1o de la informaci\u00f3n. Me interesa que se parezca [&hellip;]\" \/>\n<meta property=\"og:url\" content=\"https:\/\/narrarloinvisible.com\/en\/faq\/\" \/>\n<meta property=\"og:site_name\" content=\"Narrar lo invisible\" \/>\n<meta property=\"article:modified_time\" content=\"2023-09-26T11:08:08+00:00\" \/>\n<meta name=\"twitter:card\" content=\"summary_large_image\" \/>\n<meta name=\"twitter:site\" content=\"@zertuiter\" \/>\n<meta name=\"twitter:label1\" content=\"Est. reading time\" \/>\n\t<meta name=\"twitter:data1\" content=\"2 minutes\" \/>\n<script type=\"application\/ld+json\" class=\"yoast-schema-graph\">{\"@context\":\"https:\/\/schema.org\",\"@graph\":[{\"@type\":\"WebPage\",\"@id\":\"https:\/\/narrarloinvisible.com\/faq\/\",\"url\":\"https:\/\/narrarloinvisible.com\/faq\/\",\"name\":\"FAQ - Narrar lo invisible\",\"isPartOf\":{\"@id\":\"https:\/\/narrarloinvisible.com\/#website\"},\"datePublished\":\"2022-12-28T23:36:26+00:00\",\"dateModified\":\"2023-09-26T11:08:08+00:00\",\"breadcrumb\":{\"@id\":\"https:\/\/narrarloinvisible.com\/faq\/#breadcrumb\"},\"inLanguage\":\"en-US\",\"potentialAction\":[{\"@type\":\"ReadAction\",\"target\":[\"https:\/\/narrarloinvisible.com\/faq\/\"]}]},{\"@type\":\"BreadcrumbList\",\"@id\":\"https:\/\/narrarloinvisible.com\/faq\/#breadcrumb\",\"itemListElement\":[{\"@type\":\"ListItem\",\"position\":1,\"name\":\"Portada\",\"item\":\"https:\/\/narrarloinvisible.com\/\"},{\"@type\":\"ListItem\",\"position\":2,\"name\":\"FAQ\"}]},{\"@type\":\"WebSite\",\"@id\":\"https:\/\/narrarloinvisible.com\/#website\",\"url\":\"https:\/\/narrarloinvisible.com\/\",\"name\":\"Narrar lo invisible\",\"description\":\"Un webcomic sobre el extra\u00f1amiento \u2014 Zer\",\"publisher\":{\"@id\":\"https:\/\/narrarloinvisible.com\/#\/schema\/person\/1cd2bd889440ad7212efce7f33e91799\"},\"potentialAction\":[{\"@type\":\"SearchAction\",\"target\":{\"@type\":\"EntryPoint\",\"urlTemplate\":\"https:\/\/narrarloinvisible.com\/?s={search_term_string}\"},\"query-input\":{\"@type\":\"PropertyValueSpecification\",\"valueRequired\":true,\"valueName\":\"search_term_string\"}}],\"inLanguage\":\"en-US\"},{\"@type\":[\"Person\",\"Organization\"],\"@id\":\"https:\/\/narrarloinvisible.com\/#\/schema\/person\/1cd2bd889440ad7212efce7f33e91799\",\"name\":\"Zer\",\"image\":{\"@type\":\"ImageObject\",\"inLanguage\":\"en-US\",\"@id\":\"https:\/\/narrarloinvisible.com\/#\/schema\/person\/image\/\",\"url\":\"https:\/\/narrarloinvisible.com\/wp-content\/uploads\/2023\/01\/cropped-titulo_web.png\",\"contentUrl\":\"https:\/\/narrarloinvisible.com\/wp-content\/uploads\/2023\/01\/cropped-titulo_web.png\",\"width\":265,\"height\":45,\"caption\":\"Zer\"},\"logo\":{\"@id\":\"https:\/\/narrarloinvisible.com\/#\/schema\/person\/image\/\"},\"sameAs\":[\"http:\/\/narrarloinvisible-com.preview-domain.com\",\"https:\/\/instagram.com\/zde.zer\/\",\"https:\/\/x.com\/https:\/\/twitter.com\/zertuiter\"]}]}<\/script>\n<!-- \/ Yoast SEO plugin. -->","yoast_head_json":{"title":"FAQ - Narrar lo invisible","robots":{"index":"index","follow":"follow","max-snippet":"max-snippet:-1","max-image-preview":"max-image-preview:large","max-video-preview":"max-video-preview:-1"},"canonical":"https:\/\/narrarloinvisible.com\/en\/faq\/","og_locale":"en_US","og_type":"article","og_title":"FAQ - Narrar lo invisible","og_description":"\u00bfQu\u00e9 tipo de c\u00f3mic me voy a encontrar? Si me conoces y has le\u00eddo algo de lo que he publicado, no te enga\u00f1ar\u00e9: no te garantizo una lectura sencilla. S\u00ed ser\u00e1 una experiencia original y experimental. Una propuesta que bebe de influencias del c\u00f3mic y del dise\u00f1o de la informaci\u00f3n. Me interesa que se parezca [&hellip;]","og_url":"https:\/\/narrarloinvisible.com\/en\/faq\/","og_site_name":"Narrar lo invisible","article_modified_time":"2023-09-26T11:08:08+00:00","twitter_card":"summary_large_image","twitter_site":"@zertuiter","twitter_misc":{"Est. reading time":"2 minutes"},"schema":{"@context":"https:\/\/schema.org","@graph":[{"@type":"WebPage","@id":"https:\/\/narrarloinvisible.com\/faq\/","url":"https:\/\/narrarloinvisible.com\/faq\/","name":"FAQ - Narrar lo invisible","isPartOf":{"@id":"https:\/\/narrarloinvisible.com\/#website"},"datePublished":"2022-12-28T23:36:26+00:00","dateModified":"2023-09-26T11:08:08+00:00","breadcrumb":{"@id":"https:\/\/narrarloinvisible.com\/faq\/#breadcrumb"},"inLanguage":"en-US","potentialAction":[{"@type":"ReadAction","target":["https:\/\/narrarloinvisible.com\/faq\/"]}]},{"@type":"BreadcrumbList","@id":"https:\/\/narrarloinvisible.com\/faq\/#breadcrumb","itemListElement":[{"@type":"ListItem","position":1,"name":"Portada","item":"https:\/\/narrarloinvisible.com\/"},{"@type":"ListItem","position":2,"name":"FAQ"}]},{"@type":"WebSite","@id":"https:\/\/narrarloinvisible.com\/#website","url":"https:\/\/narrarloinvisible.com\/","name":"Narrar lo invisible","description":"Un webcomic sobre el extra\u00f1amiento \u2014 Zer","publisher":{"@id":"https:\/\/narrarloinvisible.com\/#\/schema\/person\/1cd2bd889440ad7212efce7f33e91799"},"potentialAction":[{"@type":"SearchAction","target":{"@type":"EntryPoint","urlTemplate":"https:\/\/narrarloinvisible.com\/?s={search_term_string}"},"query-input":{"@type":"PropertyValueSpecification","valueRequired":true,"valueName":"search_term_string"}}],"inLanguage":"en-US"},{"@type":["Person","Organization"],"@id":"https:\/\/narrarloinvisible.com\/#\/schema\/person\/1cd2bd889440ad7212efce7f33e91799","name":"Zer","image":{"@type":"ImageObject","inLanguage":"en-US","@id":"https:\/\/narrarloinvisible.com\/#\/schema\/person\/image\/","url":"https:\/\/narrarloinvisible.com\/wp-content\/uploads\/2023\/01\/cropped-titulo_web.png","contentUrl":"https:\/\/narrarloinvisible.com\/wp-content\/uploads\/2023\/01\/cropped-titulo_web.png","width":265,"height":45,"caption":"Zer"},"logo":{"@id":"https:\/\/narrarloinvisible.com\/#\/schema\/person\/image\/"},"sameAs":["http:\/\/narrarloinvisible-com.preview-domain.com","https:\/\/instagram.com\/zde.zer\/","https:\/\/x.com\/https:\/\/twitter.com\/zertuiter"]}]}},"_links":{"self":[{"href":"https:\/\/narrarloinvisible.com\/en\/wp-json\/wp\/v2\/pages\/273","targetHints":{"allow":["GET"]}}],"collection":[{"href":"https:\/\/narrarloinvisible.com\/en\/wp-json\/wp\/v2\/pages"}],"about":[{"href":"https:\/\/narrarloinvisible.com\/en\/wp-json\/wp\/v2\/types\/page"}],"author":[{"embeddable":true,"href":"https:\/\/narrarloinvisible.com\/en\/wp-json\/wp\/v2\/users\/1"}],"replies":[{"embeddable":true,"href":"https:\/\/narrarloinvisible.com\/en\/wp-json\/wp\/v2\/comments?post=273"}],"version-history":[{"count":26,"href":"https:\/\/narrarloinvisible.com\/en\/wp-json\/wp\/v2\/pages\/273\/revisions"}],"predecessor-version":[{"id":1433,"href":"https:\/\/narrarloinvisible.com\/en\/wp-json\/wp\/v2\/pages\/273\/revisions\/1433"}],"wp:attachment":[{"href":"https:\/\/narrarloinvisible.com\/en\/wp-json\/wp\/v2\/media?parent=273"}],"curies":[{"name":"wp","href":"https:\/\/api.w.org\/{rel}","templated":true}]}}