{"id":6,"date":"2022-12-26T18:25:32","date_gmt":"2022-12-26T17:25:32","guid":{"rendered":"https:\/\/narrarloinvisible.com\/?page_id=6"},"modified":"2024-12-03T12:35:02","modified_gmt":"2024-12-03T11:35:02","slug":"zdezer","status":"publish","type":"page","link":"https:\/\/narrarloinvisible.com\/en\/zdezer\/","title":{"rendered":"ZER"},"content":{"rendered":"<div class=\"wp-block-group alignwide is-layout-flow wp-block-group-is-layout-flow\">\n<div class=\"wp-block-media-text alignwide is-stacked-on-mobile\" style=\"grid-template-columns:52% auto\"><figure class=\"wp-block-media-text__media\"><img loading=\"lazy\" decoding=\"async\" width=\"890\" height=\"1024\" src=\"https:\/\/narrarloinvisible.com\/wp-content\/uploads\/2023\/01\/ZdeZer-mago.jpg\" alt=\"\" class=\"wp-image-338 size-full\" srcset=\"https:\/\/narrarloinvisible.com\/wp-content\/uploads\/2023\/01\/ZdeZer-mago.jpg 890w, https:\/\/narrarloinvisible.com\/wp-content\/uploads\/2023\/01\/ZdeZer-mago-261x300.jpg 261w, https:\/\/narrarloinvisible.com\/wp-content\/uploads\/2023\/01\/ZdeZer-mago-768x884.jpg 768w\" sizes=\"auto, (max-width: 890px) 100vw, 890px\" \/><\/figure><div class=\"wp-block-media-text__content\">\n<p class=\"has-20-font-size\"><strong>Zer<\/strong> is the <em>alter ego<\/em> of Sergio Arredondo Garrido, cartoonist and teacher of comics and graphic design.<\/p>\n\n\n\n<p class=\"has-20-font-size\">This website is the result of a thesis on diagrams and comics. Here it has been transformed into an adventure format for (almost) all audiences.<\/p>\n\n\n\n<p class=\"has-20-font-size\">I have published other narrative experiments such as <em><strong><a href=\"http:\/\/santiagogarciablog.blogspot.com\/2013\/04\/un-juego-intelectual.html\" target=\"_blank\" rel=\"noreferrer noopener\">The Rope<\/a><\/strong><\/em> (among other Ultrarradio fanzines) or <em>El jard\u00edn deshabitado<\/em> in <a href=\"https:\/\/www.tebeosfera.com\/documentos\/duplex_un_proyecto_internacional_de_comic_y_poesia.html\" target=\"_blank\" rel=\"noreferrer noopener\"><strong>Duplex<\/strong><\/a>. You can see samples of all this on <strong><a href=\"http:\/\/www.behance.net\/zdezer\" target=\"_blank\" rel=\"noreferrer noopener\">Behance<\/a><\/strong>.<\/p>\n\n\n\n<p class=\"has-20-font-size\">I hope you enjoy this. For anything else, reach out on <strong><a href=\"https:\/\/www.instagram.com\/zde.zer\/\" target=\"_blank\" rel=\"noreferrer noopener\">Instagram<\/a><\/strong> , we talk at <strong><a href=\"https:\/\/twitter.com\/zertuiter\" target=\"_blank\" rel=\"noreferrer noopener\">Twitter<\/a><\/strong> (less and less often) <strong><a href=\"https:\/\/bsky.app\/profile\/zdezer.bsky.social\">Bluesky<\/a><\/strong> or <strong><a href=\"https:\/\/www.threads.net\/@zde.zer\" target=\"_blank\" rel=\"noreferrer noopener\">Threads<\/a><\/strong>.<\/p>\n<\/div><\/div>\n<\/div>","protected":false},"excerpt":{"rendered":"<p>Zer es el alter ego de Sergio Arredondo Garrido, dibujante y docente de dise\u00f1o gr\u00e1fico y c\u00f3mic. Esta web es consecuencia de una tesis sobre esquemas y c\u00f3mic. Aqu\u00ed se ha transformado a un formato de aventuras para (casi) todos los p\u00fablicos.No obstante, forma parte de la serie de procesos de extra\u00f1amiento. He publicado otros [&hellip;]<\/p>","protected":false},"author":1,"featured_media":0,"parent":0,"menu_order":0,"comment_status":"closed","ping_status":"closed","template":"","meta":{"footnotes":""},"class_list":["post-6","page","type-page","status-publish","hentry"],"yoast_head":"<!-- This site is optimized with the Yoast SEO plugin v25.7 - https:\/\/yoast.com\/wordpress\/plugins\/seo\/ -->\n<title>ZER - Narrar lo invisible<\/title>\n<meta name=\"description\" content=\"Zer es el pseud\u00f3nimo de Sergio Arredondo, dibujante y docente de dise\u00f1o y c\u00f3mic.\" \/>\n<meta name=\"robots\" content=\"index, follow, max-snippet:-1, max-image-preview:large, max-video-preview:-1\" \/>\n<link rel=\"canonical\" href=\"https:\/\/narrarloinvisible.com\/en\/zdezer\/\" \/>\n<meta property=\"og:locale\" content=\"en_US\" \/>\n<meta property=\"og:type\" content=\"article\" \/>\n<meta property=\"og:title\" content=\"ZER - Narrar lo invisible\" \/>\n<meta property=\"og:description\" content=\"Zer es el pseud\u00f3nimo de Sergio Arredondo, dibujante y docente de dise\u00f1o y c\u00f3mic.\" \/>\n<meta property=\"og:url\" content=\"https:\/\/narrarloinvisible.com\/en\/zdezer\/\" \/>\n<meta property=\"og:site_name\" content=\"Narrar lo invisible\" \/>\n<meta property=\"article:modified_time\" content=\"2024-12-03T11:35:02+00:00\" \/>\n<meta property=\"og:image\" content=\"https:\/\/narrarloinvisible.com\/wp-content\/uploads\/2023\/01\/ZdeZer-mago.jpg\" \/>\n<meta name=\"twitter:card\" content=\"summary_large_image\" \/>\n<meta name=\"twitter:site\" content=\"@zertuiter\" \/>\n<meta name=\"twitter:label1\" content=\"Est. reading time\" \/>\n\t<meta name=\"twitter:data1\" content=\"1 minute\" \/>\n<script type=\"application\/ld+json\" class=\"yoast-schema-graph\">{\"@context\":\"https:\/\/schema.org\",\"@graph\":[{\"@type\":\"WebPage\",\"@id\":\"https:\/\/narrarloinvisible.com\/zdezer\/\",\"url\":\"https:\/\/narrarloinvisible.com\/zdezer\/\",\"name\":\"ZER - Narrar lo invisible\",\"isPartOf\":{\"@id\":\"https:\/\/narrarloinvisible.com\/#website\"},\"primaryImageOfPage\":{\"@id\":\"https:\/\/narrarloinvisible.com\/zdezer\/#primaryimage\"},\"image\":{\"@id\":\"https:\/\/narrarloinvisible.com\/zdezer\/#primaryimage\"},\"thumbnailUrl\":\"https:\/\/narrarloinvisible.com\/wp-content\/uploads\/2023\/01\/ZdeZer-mago.jpg\",\"datePublished\":\"2022-12-26T17:25:32+00:00\",\"dateModified\":\"2024-12-03T11:35:02+00:00\",\"description\":\"Zer es el pseud\u00f3nimo de Sergio Arredondo, dibujante y docente de dise\u00f1o y c\u00f3mic.\",\"breadcrumb\":{\"@id\":\"https:\/\/narrarloinvisible.com\/zdezer\/#breadcrumb\"},\"inLanguage\":\"en-US\",\"potentialAction\":[{\"@type\":\"ReadAction\",\"target\":[\"https:\/\/narrarloinvisible.com\/zdezer\/\"]}]},{\"@type\":\"ImageObject\",\"inLanguage\":\"en-US\",\"@id\":\"https:\/\/narrarloinvisible.com\/zdezer\/#primaryimage\",\"url\":\"https:\/\/narrarloinvisible.com\/wp-content\/uploads\/2023\/01\/ZdeZer-mago.jpg\",\"contentUrl\":\"https:\/\/narrarloinvisible.com\/wp-content\/uploads\/2023\/01\/ZdeZer-mago.jpg\"},{\"@type\":\"BreadcrumbList\",\"@id\":\"https:\/\/narrarloinvisible.com\/zdezer\/#breadcrumb\",\"itemListElement\":[{\"@type\":\"ListItem\",\"position\":1,\"name\":\"Portada\",\"item\":\"https:\/\/narrarloinvisible.com\/\"},{\"@type\":\"ListItem\",\"position\":2,\"name\":\"ZER\"}]},{\"@type\":\"WebSite\",\"@id\":\"https:\/\/narrarloinvisible.com\/#website\",\"url\":\"https:\/\/narrarloinvisible.com\/\",\"name\":\"Narrar lo invisible\",\"description\":\"Un webcomic sobre el extra\u00f1amiento \u2014 Zer\",\"publisher\":{\"@id\":\"https:\/\/narrarloinvisible.com\/#\/schema\/person\/1cd2bd889440ad7212efce7f33e91799\"},\"potentialAction\":[{\"@type\":\"SearchAction\",\"target\":{\"@type\":\"EntryPoint\",\"urlTemplate\":\"https:\/\/narrarloinvisible.com\/?s={search_term_string}\"},\"query-input\":{\"@type\":\"PropertyValueSpecification\",\"valueRequired\":true,\"valueName\":\"search_term_string\"}}],\"inLanguage\":\"en-US\"},{\"@type\":[\"Person\",\"Organization\"],\"@id\":\"https:\/\/narrarloinvisible.com\/#\/schema\/person\/1cd2bd889440ad7212efce7f33e91799\",\"name\":\"Zer\",\"image\":{\"@type\":\"ImageObject\",\"inLanguage\":\"en-US\",\"@id\":\"https:\/\/narrarloinvisible.com\/#\/schema\/person\/image\/\",\"url\":\"https:\/\/narrarloinvisible.com\/wp-content\/uploads\/2023\/01\/cropped-titulo_web.png\",\"contentUrl\":\"https:\/\/narrarloinvisible.com\/wp-content\/uploads\/2023\/01\/cropped-titulo_web.png\",\"width\":265,\"height\":45,\"caption\":\"Zer\"},\"logo\":{\"@id\":\"https:\/\/narrarloinvisible.com\/#\/schema\/person\/image\/\"},\"sameAs\":[\"http:\/\/narrarloinvisible-com.preview-domain.com\",\"https:\/\/instagram.com\/zde.zer\/\",\"https:\/\/x.com\/https:\/\/twitter.com\/zertuiter\"]}]}<\/script>\n<!-- \/ Yoast SEO plugin. -->","yoast_head_json":{"title":"ZER - Narrar lo invisible","description":"Zer es el pseud\u00f3nimo de Sergio Arredondo, dibujante y docente de dise\u00f1o y c\u00f3mic.","robots":{"index":"index","follow":"follow","max-snippet":"max-snippet:-1","max-image-preview":"max-image-preview:large","max-video-preview":"max-video-preview:-1"},"canonical":"https:\/\/narrarloinvisible.com\/en\/zdezer\/","og_locale":"en_US","og_type":"article","og_title":"ZER - Narrar lo invisible","og_description":"Zer es el pseud\u00f3nimo de Sergio Arredondo, dibujante y docente de dise\u00f1o y c\u00f3mic.","og_url":"https:\/\/narrarloinvisible.com\/en\/zdezer\/","og_site_name":"Narrar lo invisible","article_modified_time":"2024-12-03T11:35:02+00:00","og_image":[{"url":"https:\/\/narrarloinvisible.com\/wp-content\/uploads\/2023\/01\/ZdeZer-mago.jpg","type":"","width":"","height":""}],"twitter_card":"summary_large_image","twitter_site":"@zertuiter","twitter_misc":{"Est. reading time":"1 minute"},"schema":{"@context":"https:\/\/schema.org","@graph":[{"@type":"WebPage","@id":"https:\/\/narrarloinvisible.com\/zdezer\/","url":"https:\/\/narrarloinvisible.com\/zdezer\/","name":"ZER - Narrar lo invisible","isPartOf":{"@id":"https:\/\/narrarloinvisible.com\/#website"},"primaryImageOfPage":{"@id":"https:\/\/narrarloinvisible.com\/zdezer\/#primaryimage"},"image":{"@id":"https:\/\/narrarloinvisible.com\/zdezer\/#primaryimage"},"thumbnailUrl":"https:\/\/narrarloinvisible.com\/wp-content\/uploads\/2023\/01\/ZdeZer-mago.jpg","datePublished":"2022-12-26T17:25:32+00:00","dateModified":"2024-12-03T11:35:02+00:00","description":"Zer es el pseud\u00f3nimo de Sergio Arredondo, dibujante y docente de dise\u00f1o y c\u00f3mic.","breadcrumb":{"@id":"https:\/\/narrarloinvisible.com\/zdezer\/#breadcrumb"},"inLanguage":"en-US","potentialAction":[{"@type":"ReadAction","target":["https:\/\/narrarloinvisible.com\/zdezer\/"]}]},{"@type":"ImageObject","inLanguage":"en-US","@id":"https:\/\/narrarloinvisible.com\/zdezer\/#primaryimage","url":"https:\/\/narrarloinvisible.com\/wp-content\/uploads\/2023\/01\/ZdeZer-mago.jpg","contentUrl":"https:\/\/narrarloinvisible.com\/wp-content\/uploads\/2023\/01\/ZdeZer-mago.jpg"},{"@type":"BreadcrumbList","@id":"https:\/\/narrarloinvisible.com\/zdezer\/#breadcrumb","itemListElement":[{"@type":"ListItem","position":1,"name":"Portada","item":"https:\/\/narrarloinvisible.com\/"},{"@type":"ListItem","position":2,"name":"ZER"}]},{"@type":"WebSite","@id":"https:\/\/narrarloinvisible.com\/#website","url":"https:\/\/narrarloinvisible.com\/","name":"Narrar lo invisible","description":"Un webcomic sobre el extra\u00f1amiento \u2014 Zer","publisher":{"@id":"https:\/\/narrarloinvisible.com\/#\/schema\/person\/1cd2bd889440ad7212efce7f33e91799"},"potentialAction":[{"@type":"SearchAction","target":{"@type":"EntryPoint","urlTemplate":"https:\/\/narrarloinvisible.com\/?s={search_term_string}"},"query-input":{"@type":"PropertyValueSpecification","valueRequired":true,"valueName":"search_term_string"}}],"inLanguage":"en-US"},{"@type":["Person","Organization"],"@id":"https:\/\/narrarloinvisible.com\/#\/schema\/person\/1cd2bd889440ad7212efce7f33e91799","name":"Zer","image":{"@type":"ImageObject","inLanguage":"en-US","@id":"https:\/\/narrarloinvisible.com\/#\/schema\/person\/image\/","url":"https:\/\/narrarloinvisible.com\/wp-content\/uploads\/2023\/01\/cropped-titulo_web.png","contentUrl":"https:\/\/narrarloinvisible.com\/wp-content\/uploads\/2023\/01\/cropped-titulo_web.png","width":265,"height":45,"caption":"Zer"},"logo":{"@id":"https:\/\/narrarloinvisible.com\/#\/schema\/person\/image\/"},"sameAs":["http:\/\/narrarloinvisible-com.preview-domain.com","https:\/\/instagram.com\/zde.zer\/","https:\/\/x.com\/https:\/\/twitter.com\/zertuiter"]}]}},"_links":{"self":[{"href":"https:\/\/narrarloinvisible.com\/en\/wp-json\/wp\/v2\/pages\/6","targetHints":{"allow":["GET"]}}],"collection":[{"href":"https:\/\/narrarloinvisible.com\/en\/wp-json\/wp\/v2\/pages"}],"about":[{"href":"https:\/\/narrarloinvisible.com\/en\/wp-json\/wp\/v2\/types\/page"}],"author":[{"embeddable":true,"href":"https:\/\/narrarloinvisible.com\/en\/wp-json\/wp\/v2\/users\/1"}],"replies":[{"embeddable":true,"href":"https:\/\/narrarloinvisible.com\/en\/wp-json\/wp\/v2\/comments?post=6"}],"version-history":[{"count":31,"href":"https:\/\/narrarloinvisible.com\/en\/wp-json\/wp\/v2\/pages\/6\/revisions"}],"predecessor-version":[{"id":1575,"href":"https:\/\/narrarloinvisible.com\/en\/wp-json\/wp\/v2\/pages\/6\/revisions\/1575"}],"wp:attachment":[{"href":"https:\/\/narrarloinvisible.com\/en\/wp-json\/wp\/v2\/media?parent=6"}],"curies":[{"name":"wp","href":"https:\/\/api.w.org\/{rel}","templated":true}]}}