{"id":105,"date":"2022-12-27T16:42:16","date_gmt":"2022-12-27T15:42:16","guid":{"rendered":"https:\/\/narrarloinvisible.com\/?page_id=105"},"modified":"2025-01-11T13:30:34","modified_gmt":"2025-01-11T12:30:34","slug":"sobre-narrar-lo-invisible","status":"publish","type":"page","link":"https:\/\/narrarloinvisible.com\/es\/","title":{"rendered":"C\u00d3MIC"},"content":{"rendered":"\n<figure class=\"gb-block-image gb-block-image-72eb612e\"><img loading=\"lazy\" decoding=\"async\" width=\"1024\" height=\"576\" class=\"gb-image gb-image-72eb612e\" src=\"https:\/\/narrarloinvisible.com\/wp-content\/uploads\/2023\/01\/img-home.jpg\" alt=\"Vision del sensor en datos\" title=\"img-home\" srcset=\"https:\/\/narrarloinvisible.com\/wp-content\/uploads\/2023\/01\/img-home.jpg 1024w, https:\/\/narrarloinvisible.com\/wp-content\/uploads\/2023\/01\/img-home-300x169.jpg 300w, https:\/\/narrarloinvisible.com\/wp-content\/uploads\/2023\/01\/img-home-768x432.jpg 768w\" sizes=\"auto, (max-width: 1024px) 100vw, 1024px\" \/><\/figure>\n\n\n\n<div style=\"height:20px\" aria-hidden=\"true\" class=\"wp-block-spacer\"><\/div>\n\n\n<div class=\"gb-container gb-container-542ea951\">\n\n<a class=\"gb-button gb-button-75e203af gb-button-text\" href=\"https:\/\/narrarloinvisible.com\/preambulo\/\">Disfr\u00fatalo gratis<\/a>\n\n<\/div>\n\n\n<div style=\"height:20px\" aria-hidden=\"true\" class=\"wp-block-spacer\"><\/div>\n\n\n\n<p class=\"gb-headline gb-headline-3f2ff96f gb-headline-text\"><b>El webcomic m\u00e1s extra\u00f1o y sorprendente que leer\u00e1s.<\/b><\/p>\n\n\n\n<div style=\"height:30px\" aria-hidden=\"true\" class=\"wp-block-spacer\"><\/div>\n\n\n\n<figure class=\"gb-block-image gb-block-image-ffe7026b\"><img loading=\"lazy\" decoding=\"async\" width=\"2048\" height=\"1032\" class=\"gb-image gb-image-ffe7026b\" src=\"https:\/\/narrarloinvisible.com\/wp-content\/uploads\/2024\/06\/IMG_2889.jpeg\" alt=\"\" title=\"IMG_2889\" srcset=\"https:\/\/narrarloinvisible.com\/wp-content\/uploads\/2024\/06\/IMG_2889.jpeg 2048w, https:\/\/narrarloinvisible.com\/wp-content\/uploads\/2024\/06\/IMG_2889-300x151.jpeg 300w, https:\/\/narrarloinvisible.com\/wp-content\/uploads\/2024\/06\/IMG_2889-1024x516.jpeg 1024w, https:\/\/narrarloinvisible.com\/wp-content\/uploads\/2024\/06\/IMG_2889-768x387.jpeg 768w, https:\/\/narrarloinvisible.com\/wp-content\/uploads\/2024\/06\/IMG_2889-1536x774.jpeg 1536w\" sizes=\"auto, (max-width: 2048px) 100vw, 2048px\" \/><\/figure>\n\n\n\n<p class=\"gb-headline gb-headline-649b17a0 gb-headline-text parrafoCabecera\"><strong><em>Narrar lo invisible<\/em><\/strong> es un relato de aventuras en el intrincado mundo de los esquemas. Es el viaje del h\u00e9roe que no quiere serlo. Es la historia de una sociedad que est\u00e1 a punto de descubrir todo su potencial.<\/p>\n\n\n\n<div style=\"height:10px\" aria-hidden=\"true\" class=\"wp-block-spacer\"><\/div>\n\n\n<div class=\"gb-container gb-container-3f41360e alignfull\">\n<div class=\"gb-container gb-container-b6b367e1\">\n<div class=\"gb-grid-wrapper gb-grid-wrapper-8e62eb6f\">\n<div class=\"gb-grid-column gb-grid-column-bd928532\"><div class=\"gb-container gb-container-bd928532\">\n\n<a class=\"gb-button gb-button-f3ecbff2 gb-button-text\" href=\"https:\/\/narrarloinvisible.com\/preambulo\/\">Primer cap\u00edtulo<\/a>\n\n<\/div><\/div>\n\n<div class=\"gb-grid-column gb-grid-column-8909135f\"><div class=\"gb-container gb-container-8909135f\">\n\n<a class=\"gb-button gb-button-84e8254b gb-button-text\" href=\"https:\/\/narrarloinvisible.com\/portal\/\">\u00daltimo cap\u00edtulo<\/a>\n\n<\/div><\/div>\n<\/div>\n<\/div>\n<\/div>","protected":false},"excerpt":{"rendered":"<p>El webcomic m\u00e1s extra\u00f1o y sorprendente que leer\u00e1s. Narrar lo invisible es un relato de aventuras en el intrincado mundo de los esquemas. Es el viaje del h\u00e9roe que no quiere serlo. Es la historia de una sociedad que est\u00e1 a punto de descubrir todo su potencial.<\/p>\n","protected":false},"author":1,"featured_media":0,"parent":0,"menu_order":0,"comment_status":"closed","ping_status":"closed","template":"","meta":{"footnotes":""},"class_list":["post-105","page","type-page","status-publish","hentry"],"yoast_head":"<!-- This site is optimized with the Yoast SEO plugin v25.7 - https:\/\/yoast.com\/wordpress\/plugins\/seo\/ -->\n<title>C\u00d3MIC - Narrar lo invisible<\/title>\n<meta name=\"description\" content=\"Narrar lo invisible es un relato de aventuras en el intrincado mundo de los datos. Es el viaje de un h\u00e9roe que no quiere serlo, que se ve arrastrado por las circunstancias.\" \/>\n<meta name=\"robots\" content=\"index, follow, max-snippet:-1, max-image-preview:large, max-video-preview:-1\" \/>\n<link rel=\"canonical\" href=\"https:\/\/narrarloinvisible.com\/es\/\" \/>\n<meta property=\"og:locale\" content=\"es_ES\" \/>\n<meta property=\"og:type\" content=\"article\" \/>\n<meta property=\"og:title\" content=\"C\u00d3MIC - Narrar lo invisible\" \/>\n<meta property=\"og:description\" content=\"Narrar lo invisible es un relato de aventuras en el intrincado mundo de los datos. Es el viaje de un h\u00e9roe que no quiere serlo, que se ve arrastrado por las circunstancias.\" \/>\n<meta property=\"og:url\" content=\"https:\/\/narrarloinvisible.com\/es\/\" \/>\n<meta property=\"og:site_name\" content=\"Narrar lo invisible\" \/>\n<meta property=\"article:modified_time\" content=\"2025-01-11T12:30:34+00:00\" \/>\n<meta property=\"og:image\" content=\"https:\/\/narrarloinvisible.com\/wp-content\/uploads\/2023\/01\/img-home.jpg\" \/>\n<meta name=\"twitter:card\" content=\"summary_large_image\" \/>\n<meta name=\"twitter:site\" content=\"@zertuiter\" \/>\n<meta name=\"twitter:label1\" content=\"Tiempo de lectura\" \/>\n\t<meta name=\"twitter:data1\" content=\"1 minuto\" \/>\n<script type=\"application\/ld+json\" class=\"yoast-schema-graph\">{\"@context\":\"https:\/\/schema.org\",\"@graph\":[{\"@type\":\"WebPage\",\"@id\":\"https:\/\/narrarloinvisible.com\/\",\"url\":\"https:\/\/narrarloinvisible.com\/\",\"name\":\"C\u00d3MIC - Narrar lo invisible\",\"isPartOf\":{\"@id\":\"https:\/\/narrarloinvisible.com\/#website\"},\"primaryImageOfPage\":{\"@id\":\"https:\/\/narrarloinvisible.com\/#primaryimage\"},\"image\":{\"@id\":\"https:\/\/narrarloinvisible.com\/#primaryimage\"},\"thumbnailUrl\":\"https:\/\/narrarloinvisible.com\/wp-content\/uploads\/2023\/01\/img-home.jpg\",\"datePublished\":\"2022-12-27T15:42:16+00:00\",\"dateModified\":\"2025-01-11T12:30:34+00:00\",\"description\":\"Narrar lo invisible es un relato de aventuras en el intrincado mundo de los datos. Es el viaje de un h\u00e9roe que no quiere serlo, que se ve arrastrado por las circunstancias.\",\"breadcrumb\":{\"@id\":\"https:\/\/narrarloinvisible.com\/#breadcrumb\"},\"inLanguage\":\"es\",\"potentialAction\":[{\"@type\":\"ReadAction\",\"target\":[\"https:\/\/narrarloinvisible.com\/\"]}]},{\"@type\":\"ImageObject\",\"inLanguage\":\"es\",\"@id\":\"https:\/\/narrarloinvisible.com\/#primaryimage\",\"url\":\"https:\/\/narrarloinvisible.com\/wp-content\/uploads\/2023\/01\/img-home.jpg\",\"contentUrl\":\"https:\/\/narrarloinvisible.com\/wp-content\/uploads\/2023\/01\/img-home.jpg\"},{\"@type\":\"BreadcrumbList\",\"@id\":\"https:\/\/narrarloinvisible.com\/#breadcrumb\",\"itemListElement\":[{\"@type\":\"ListItem\",\"position\":1,\"name\":\"Portada\",\"item\":\"https:\/\/narrarloinvisible.com\/\"},{\"@type\":\"ListItem\",\"position\":2,\"name\":\"C\u00d3MIC\"}]},{\"@type\":\"WebSite\",\"@id\":\"https:\/\/narrarloinvisible.com\/#website\",\"url\":\"https:\/\/narrarloinvisible.com\/\",\"name\":\"Narrar lo invisible\",\"description\":\"Un webcomic sobre el extra\u00f1amiento \u2014 Zer\",\"publisher\":{\"@id\":\"https:\/\/narrarloinvisible.com\/#\/schema\/person\/1cd2bd889440ad7212efce7f33e91799\"},\"potentialAction\":[{\"@type\":\"SearchAction\",\"target\":{\"@type\":\"EntryPoint\",\"urlTemplate\":\"https:\/\/narrarloinvisible.com\/?s={search_term_string}\"},\"query-input\":{\"@type\":\"PropertyValueSpecification\",\"valueRequired\":true,\"valueName\":\"search_term_string\"}}],\"inLanguage\":\"es\"},{\"@type\":[\"Person\",\"Organization\"],\"@id\":\"https:\/\/narrarloinvisible.com\/#\/schema\/person\/1cd2bd889440ad7212efce7f33e91799\",\"name\":\"Zer\",\"image\":{\"@type\":\"ImageObject\",\"inLanguage\":\"es\",\"@id\":\"https:\/\/narrarloinvisible.com\/#\/schema\/person\/image\/\",\"url\":\"https:\/\/narrarloinvisible.com\/wp-content\/uploads\/2023\/01\/cropped-titulo_web.png\",\"contentUrl\":\"https:\/\/narrarloinvisible.com\/wp-content\/uploads\/2023\/01\/cropped-titulo_web.png\",\"width\":265,\"height\":45,\"caption\":\"Zer\"},\"logo\":{\"@id\":\"https:\/\/narrarloinvisible.com\/#\/schema\/person\/image\/\"},\"sameAs\":[\"http:\/\/narrarloinvisible-com.preview-domain.com\",\"https:\/\/instagram.com\/zde.zer\/\",\"https:\/\/x.com\/https:\/\/twitter.com\/zertuiter\"]}]}<\/script>\n<!-- \/ Yoast SEO plugin. -->","yoast_head_json":{"title":"C\u00d3MIC - Narrar lo invisible","description":"Narrar lo invisible es un relato de aventuras en el intrincado mundo de los datos. Es el viaje de un h\u00e9roe que no quiere serlo, que se ve arrastrado por las circunstancias.","robots":{"index":"index","follow":"follow","max-snippet":"max-snippet:-1","max-image-preview":"max-image-preview:large","max-video-preview":"max-video-preview:-1"},"canonical":"https:\/\/narrarloinvisible.com\/es\/","og_locale":"es_ES","og_type":"article","og_title":"C\u00d3MIC - Narrar lo invisible","og_description":"Narrar lo invisible es un relato de aventuras en el intrincado mundo de los datos. Es el viaje de un h\u00e9roe que no quiere serlo, que se ve arrastrado por las circunstancias.","og_url":"https:\/\/narrarloinvisible.com\/es\/","og_site_name":"Narrar lo invisible","article_modified_time":"2025-01-11T12:30:34+00:00","og_image":[{"url":"https:\/\/narrarloinvisible.com\/wp-content\/uploads\/2023\/01\/img-home.jpg","type":"","width":"","height":""}],"twitter_card":"summary_large_image","twitter_site":"@zertuiter","twitter_misc":{"Tiempo de lectura":"1 minuto"},"schema":{"@context":"https:\/\/schema.org","@graph":[{"@type":"WebPage","@id":"https:\/\/narrarloinvisible.com\/","url":"https:\/\/narrarloinvisible.com\/","name":"C\u00d3MIC - Narrar lo invisible","isPartOf":{"@id":"https:\/\/narrarloinvisible.com\/#website"},"primaryImageOfPage":{"@id":"https:\/\/narrarloinvisible.com\/#primaryimage"},"image":{"@id":"https:\/\/narrarloinvisible.com\/#primaryimage"},"thumbnailUrl":"https:\/\/narrarloinvisible.com\/wp-content\/uploads\/2023\/01\/img-home.jpg","datePublished":"2022-12-27T15:42:16+00:00","dateModified":"2025-01-11T12:30:34+00:00","description":"Narrar lo invisible es un relato de aventuras en el intrincado mundo de los datos. Es el viaje de un h\u00e9roe que no quiere serlo, que se ve arrastrado por las circunstancias.","breadcrumb":{"@id":"https:\/\/narrarloinvisible.com\/#breadcrumb"},"inLanguage":"es","potentialAction":[{"@type":"ReadAction","target":["https:\/\/narrarloinvisible.com\/"]}]},{"@type":"ImageObject","inLanguage":"es","@id":"https:\/\/narrarloinvisible.com\/#primaryimage","url":"https:\/\/narrarloinvisible.com\/wp-content\/uploads\/2023\/01\/img-home.jpg","contentUrl":"https:\/\/narrarloinvisible.com\/wp-content\/uploads\/2023\/01\/img-home.jpg"},{"@type":"BreadcrumbList","@id":"https:\/\/narrarloinvisible.com\/#breadcrumb","itemListElement":[{"@type":"ListItem","position":1,"name":"Portada","item":"https:\/\/narrarloinvisible.com\/"},{"@type":"ListItem","position":2,"name":"C\u00d3MIC"}]},{"@type":"WebSite","@id":"https:\/\/narrarloinvisible.com\/#website","url":"https:\/\/narrarloinvisible.com\/","name":"Narrar lo invisible","description":"Un webcomic sobre el extra\u00f1amiento \u2014 Zer","publisher":{"@id":"https:\/\/narrarloinvisible.com\/#\/schema\/person\/1cd2bd889440ad7212efce7f33e91799"},"potentialAction":[{"@type":"SearchAction","target":{"@type":"EntryPoint","urlTemplate":"https:\/\/narrarloinvisible.com\/?s={search_term_string}"},"query-input":{"@type":"PropertyValueSpecification","valueRequired":true,"valueName":"search_term_string"}}],"inLanguage":"es"},{"@type":["Person","Organization"],"@id":"https:\/\/narrarloinvisible.com\/#\/schema\/person\/1cd2bd889440ad7212efce7f33e91799","name":"Zer","image":{"@type":"ImageObject","inLanguage":"es","@id":"https:\/\/narrarloinvisible.com\/#\/schema\/person\/image\/","url":"https:\/\/narrarloinvisible.com\/wp-content\/uploads\/2023\/01\/cropped-titulo_web.png","contentUrl":"https:\/\/narrarloinvisible.com\/wp-content\/uploads\/2023\/01\/cropped-titulo_web.png","width":265,"height":45,"caption":"Zer"},"logo":{"@id":"https:\/\/narrarloinvisible.com\/#\/schema\/person\/image\/"},"sameAs":["http:\/\/narrarloinvisible-com.preview-domain.com","https:\/\/instagram.com\/zde.zer\/","https:\/\/x.com\/https:\/\/twitter.com\/zertuiter"]}]}},"_links":{"self":[{"href":"https:\/\/narrarloinvisible.com\/es\/wp-json\/wp\/v2\/pages\/105","targetHints":{"allow":["GET"]}}],"collection":[{"href":"https:\/\/narrarloinvisible.com\/es\/wp-json\/wp\/v2\/pages"}],"about":[{"href":"https:\/\/narrarloinvisible.com\/es\/wp-json\/wp\/v2\/types\/page"}],"author":[{"embeddable":true,"href":"https:\/\/narrarloinvisible.com\/es\/wp-json\/wp\/v2\/users\/1"}],"replies":[{"embeddable":true,"href":"https:\/\/narrarloinvisible.com\/es\/wp-json\/wp\/v2\/comments?post=105"}],"version-history":[{"count":115,"href":"https:\/\/narrarloinvisible.com\/es\/wp-json\/wp\/v2\/pages\/105\/revisions"}],"predecessor-version":[{"id":1821,"href":"https:\/\/narrarloinvisible.com\/es\/wp-json\/wp\/v2\/pages\/105\/revisions\/1821"}],"wp:attachment":[{"href":"https:\/\/narrarloinvisible.com\/es\/wp-json\/wp\/v2\/media?parent=105"}],"curies":[{"name":"wp","href":"https:\/\/api.w.org\/{rel}","templated":true}]}}