{"id":1401,"date":"2023-09-26T11:06:37","date_gmt":"2023-09-26T10:06:37","guid":{"rendered":"https:\/\/narrarloinvisible.com\/?page_id=1401"},"modified":"2023-09-26T12:09:12","modified_gmt":"2023-09-26T11:09:12","slug":"universo","status":"publish","type":"page","link":"https:\/\/narrarloinvisible.com\/es\/universo\/","title":{"rendered":"UNIVERSO"},"content":{"rendered":"\n<p class=\"has-20-font-size\">Si ya te has adentrado en este relato habr\u00e1s descubierto extra\u00f1os protagonistas y secundarios misteriosos, escenarios ic\u00f3nicos y problem\u00e1ticas singulares. En esta p\u00e1gina podr\u00e1s saber algo m\u00e1s sobre ellos y comprender su relevancia narrativa.<\/p>\n\n\n\n<div class=\"wp-block-media-text has-media-on-the-right is-stacked-on-mobile\"><div class=\"wp-block-media-text__content\">\n<h4 class=\"wp-block-heading\">El H\u00e9roe\u2026<\/h4>\n\n\n\n<p class=\"has-20-font-size\">en sus inicios, no era m\u00e1s que uno entre cientos de miles de sensores id\u00e9nticos, mon\u00f3tonos y ap\u00e1ticos. Aparentemente com\u00fan y sin rasgos expresivos fue la magia y el azar los que le marcaron. Ahora su vida es una huida constante, una tragedia cl\u00e1sica donde tan solo alcanza a ser arrastrado por su propio relato.Sin embargo, la intensidad de estas experiencias le han otorgado habilidades especiales y otras capacidades a\u00fan por descubrir. <\/p>\n<\/div><figure class=\"wp-block-media-text__media\"><img loading=\"lazy\" decoding=\"async\" width=\"1024\" height=\"1024\" src=\"https:\/\/narrarloinvisible.com\/wp-content\/uploads\/2023\/09\/IMG_2154-1024x1024.jpeg\" alt=\"\" class=\"wp-image-1407 size-full\" srcset=\"https:\/\/narrarloinvisible.com\/wp-content\/uploads\/2023\/09\/IMG_2154-1024x1024.jpeg 1024w, https:\/\/narrarloinvisible.com\/wp-content\/uploads\/2023\/09\/IMG_2154-300x300.jpeg 300w, https:\/\/narrarloinvisible.com\/wp-content\/uploads\/2023\/09\/IMG_2154-150x150.jpeg 150w, https:\/\/narrarloinvisible.com\/wp-content\/uploads\/2023\/09\/IMG_2154-768x768.jpeg 768w, https:\/\/narrarloinvisible.com\/wp-content\/uploads\/2023\/09\/IMG_2154-1536x1536.jpeg 1536w, https:\/\/narrarloinvisible.com\/wp-content\/uploads\/2023\/09\/IMG_2154.jpeg 1949w\" sizes=\"auto, (max-width: 1024px) 100vw, 1024px\" \/><\/figure><\/div>\n\n\n\n<div class=\"wp-block-media-text has-media-on-the-right is-stacked-on-mobile\"><div class=\"wp-block-media-text__content\">\n<h4 class=\"wp-block-heading\">El alter ego\u2026<\/h4>\n\n\n\n<p class=\"has-20-font-size\">es una figura exasperante que sufre de un trastorno logorroico. Originalmente lleg\u00f3 a este universo como par\u00e1sito con el fin de despertar al sensor, pero su objetivo inicial se vio alterado por un inesperado accidente explosivo que lo extrajo de su anfitri\u00f3n. <\/p>\n\n\n\n<p class=\"has-20-font-size\">En esta nueva versi\u00f3n resulta una extensi\u00f3n del h\u00e9roe que le acompa\u00f1a y ayuda con sus consejos y aclaraciones, mutando su aspecto a capricho con el fin de intensificar su propia expresividad. <\/p>\n<\/div><figure class=\"wp-block-media-text__media\"><img loading=\"lazy\" decoding=\"async\" width=\"1024\" height=\"1024\" src=\"https:\/\/narrarloinvisible.com\/wp-content\/uploads\/2023\/09\/IMG_2167-1024x1024.jpeg\" alt=\"\" class=\"wp-image-1414 size-full\" srcset=\"https:\/\/narrarloinvisible.com\/wp-content\/uploads\/2023\/09\/IMG_2167-1024x1024.jpeg 1024w, https:\/\/narrarloinvisible.com\/wp-content\/uploads\/2023\/09\/IMG_2167-300x300.jpeg 300w, https:\/\/narrarloinvisible.com\/wp-content\/uploads\/2023\/09\/IMG_2167-150x150.jpeg 150w, https:\/\/narrarloinvisible.com\/wp-content\/uploads\/2023\/09\/IMG_2167-768x768.jpeg 768w, https:\/\/narrarloinvisible.com\/wp-content\/uploads\/2023\/09\/IMG_2167.jpeg 1080w\" sizes=\"auto, (max-width: 1024px) 100vw, 1024px\" \/><\/figure><\/div>\n\n\n\n<div class=\"wp-block-media-text has-media-on-the-right is-stacked-on-mobile\"><div class=\"wp-block-media-text__content\">\n<h4 class=\"wp-block-heading\">La serpiente\u2026<\/h4>\n\n\n\n<p class=\"has-20-font-size\">est\u00e1 omnipresente en esta historia, siempre rondando el Instrumental, perforando la realidad y apareciendo para intervenir en los momentos clave. Se desconoce su origen y misi\u00f3n, pero resulta obvio que conoce los grandes problemas que la Anomal\u00eda conlleva y que viaja por la Sustancia con libertad, aguardando para que descubramos sus enigmas ocultos. <\/p>\n<\/div><figure class=\"wp-block-media-text__media\"><img loading=\"lazy\" decoding=\"async\" width=\"1024\" height=\"1024\" src=\"https:\/\/narrarloinvisible.com\/wp-content\/uploads\/2023\/09\/IMG_2166-1024x1024.jpeg\" alt=\"\" class=\"wp-image-1415 size-full\" srcset=\"https:\/\/narrarloinvisible.com\/wp-content\/uploads\/2023\/09\/IMG_2166-1024x1024.jpeg 1024w, https:\/\/narrarloinvisible.com\/wp-content\/uploads\/2023\/09\/IMG_2166-300x300.jpeg 300w, https:\/\/narrarloinvisible.com\/wp-content\/uploads\/2023\/09\/IMG_2166-150x150.jpeg 150w, https:\/\/narrarloinvisible.com\/wp-content\/uploads\/2023\/09\/IMG_2166-768x768.jpeg 768w, https:\/\/narrarloinvisible.com\/wp-content\/uploads\/2023\/09\/IMG_2166-1536x1536.jpeg 1536w, https:\/\/narrarloinvisible.com\/wp-content\/uploads\/2023\/09\/IMG_2166.jpeg 2048w\" sizes=\"auto, (max-width: 1024px) 100vw, 1024px\" \/><\/figure><\/div>\n\n\n\n<div class=\"wp-block-media-text has-media-on-the-right is-stacked-on-mobile\"><div class=\"wp-block-media-text__content\">\n<h4 class=\"wp-block-heading\">Los Maestros\u2026<\/h4>\n\n\n\n<p class=\"has-20-font-size\">a\u00fan est\u00e1n por revelarse. Aparentemente estos conocen la misi\u00f3n de nuestro h\u00e9roe y pueden intervenir en su porvenir. Son varios y todos acarrean amuletos cuyo poder est\u00e1 vinculado con sus manifestaciones. Hasta el momento conocemos su capacidad para alterar los sue\u00f1os, las emociones y el destino. Seguramente pronto aprenderemos m\u00e1s de ellos y con ellos.<\/p>\n<\/div><figure class=\"wp-block-media-text__media\"><img loading=\"lazy\" decoding=\"async\" width=\"1024\" height=\"1024\" src=\"https:\/\/narrarloinvisible.com\/wp-content\/uploads\/2023\/09\/IMG_2169-1024x1024.jpeg\" alt=\"\" class=\"wp-image-1416 size-full\" srcset=\"https:\/\/narrarloinvisible.com\/wp-content\/uploads\/2023\/09\/IMG_2169-1024x1024.jpeg 1024w, https:\/\/narrarloinvisible.com\/wp-content\/uploads\/2023\/09\/IMG_2169-300x300.jpeg 300w, https:\/\/narrarloinvisible.com\/wp-content\/uploads\/2023\/09\/IMG_2169-150x150.jpeg 150w, https:\/\/narrarloinvisible.com\/wp-content\/uploads\/2023\/09\/IMG_2169-768x768.jpeg 768w, https:\/\/narrarloinvisible.com\/wp-content\/uploads\/2023\/09\/IMG_2169-1536x1536.jpeg 1536w, https:\/\/narrarloinvisible.com\/wp-content\/uploads\/2023\/09\/IMG_2169.jpeg 2048w\" sizes=\"auto, (max-width: 1024px) 100vw, 1024px\" \/><\/figure><\/div>\n","protected":false},"excerpt":{"rendered":"<p>Si ya te has adentrado en este relato habr\u00e1s descubierto extra\u00f1os protagonistas y secundarios misteriosos, escenarios ic\u00f3nicos y problem\u00e1ticas singulares. En esta p\u00e1gina podr\u00e1s saber algo m\u00e1s sobre ellos y comprender su relevancia narrativa. El H\u00e9roe\u2026 en sus inicios, no era m\u00e1s que uno entre cientos de miles de sensores id\u00e9nticos, mon\u00f3tonos y ap\u00e1ticos. Aparentemente [&hellip;]<\/p>\n","protected":false},"author":1,"featured_media":0,"parent":0,"menu_order":0,"comment_status":"closed","ping_status":"closed","template":"","meta":{"footnotes":""},"class_list":["post-1401","page","type-page","status-publish","hentry"],"yoast_head":"<!-- This site is optimized with the Yoast SEO plugin v25.7 - https:\/\/yoast.com\/wordpress\/plugins\/seo\/ -->\n<title>UNIVERSO - Narrar lo invisible<\/title>\n<meta name=\"robots\" content=\"index, follow, max-snippet:-1, max-image-preview:large, max-video-preview:-1\" \/>\n<link rel=\"canonical\" href=\"https:\/\/narrarloinvisible.com\/es\/universo\/\" \/>\n<meta property=\"og:locale\" content=\"es_ES\" \/>\n<meta property=\"og:type\" content=\"article\" \/>\n<meta property=\"og:title\" content=\"UNIVERSO - Narrar lo invisible\" \/>\n<meta property=\"og:description\" content=\"Si ya te has adentrado en este relato habr\u00e1s descubierto extra\u00f1os protagonistas y secundarios misteriosos, escenarios ic\u00f3nicos y problem\u00e1ticas singulares. En esta p\u00e1gina podr\u00e1s saber algo m\u00e1s sobre ellos y comprender su relevancia narrativa. El H\u00e9roe\u2026 en sus inicios, no era m\u00e1s que uno entre cientos de miles de sensores id\u00e9nticos, mon\u00f3tonos y ap\u00e1ticos. Aparentemente [&hellip;]\" \/>\n<meta property=\"og:url\" content=\"https:\/\/narrarloinvisible.com\/es\/universo\/\" \/>\n<meta property=\"og:site_name\" content=\"Narrar lo invisible\" \/>\n<meta property=\"article:modified_time\" content=\"2023-09-26T11:09:12+00:00\" \/>\n<meta property=\"og:image\" content=\"https:\/\/narrarloinvisible.com\/wp-content\/uploads\/2023\/09\/IMG_2154-1024x1024.jpeg\" \/>\n<meta name=\"twitter:card\" content=\"summary_large_image\" \/>\n<meta name=\"twitter:site\" content=\"@zertuiter\" \/>\n<meta name=\"twitter:label1\" content=\"Tiempo de lectura\" \/>\n\t<meta name=\"twitter:data1\" content=\"3 minutos\" \/>\n<script type=\"application\/ld+json\" class=\"yoast-schema-graph\">{\"@context\":\"https:\/\/schema.org\",\"@graph\":[{\"@type\":\"WebPage\",\"@id\":\"https:\/\/narrarloinvisible.com\/universo\/\",\"url\":\"https:\/\/narrarloinvisible.com\/universo\/\",\"name\":\"UNIVERSO - Narrar lo invisible\",\"isPartOf\":{\"@id\":\"https:\/\/narrarloinvisible.com\/#website\"},\"primaryImageOfPage\":{\"@id\":\"https:\/\/narrarloinvisible.com\/universo\/#primaryimage\"},\"image\":{\"@id\":\"https:\/\/narrarloinvisible.com\/universo\/#primaryimage\"},\"thumbnailUrl\":\"https:\/\/narrarloinvisible.com\/wp-content\/uploads\/2023\/09\/IMG_2154-1024x1024.jpeg\",\"datePublished\":\"2023-09-26T10:06:37+00:00\",\"dateModified\":\"2023-09-26T11:09:12+00:00\",\"breadcrumb\":{\"@id\":\"https:\/\/narrarloinvisible.com\/universo\/#breadcrumb\"},\"inLanguage\":\"es\",\"potentialAction\":[{\"@type\":\"ReadAction\",\"target\":[\"https:\/\/narrarloinvisible.com\/universo\/\"]}]},{\"@type\":\"ImageObject\",\"inLanguage\":\"es\",\"@id\":\"https:\/\/narrarloinvisible.com\/universo\/#primaryimage\",\"url\":\"https:\/\/narrarloinvisible.com\/wp-content\/uploads\/2023\/09\/IMG_2154-1024x1024.jpeg\",\"contentUrl\":\"https:\/\/narrarloinvisible.com\/wp-content\/uploads\/2023\/09\/IMG_2154-1024x1024.jpeg\"},{\"@type\":\"BreadcrumbList\",\"@id\":\"https:\/\/narrarloinvisible.com\/universo\/#breadcrumb\",\"itemListElement\":[{\"@type\":\"ListItem\",\"position\":1,\"name\":\"Portada\",\"item\":\"https:\/\/narrarloinvisible.com\/\"},{\"@type\":\"ListItem\",\"position\":2,\"name\":\"UNIVERSO\"}]},{\"@type\":\"WebSite\",\"@id\":\"https:\/\/narrarloinvisible.com\/#website\",\"url\":\"https:\/\/narrarloinvisible.com\/\",\"name\":\"Narrar lo invisible\",\"description\":\"Un webcomic sobre el extra\u00f1amiento \u2014 Zer\",\"publisher\":{\"@id\":\"https:\/\/narrarloinvisible.com\/#\/schema\/person\/1cd2bd889440ad7212efce7f33e91799\"},\"potentialAction\":[{\"@type\":\"SearchAction\",\"target\":{\"@type\":\"EntryPoint\",\"urlTemplate\":\"https:\/\/narrarloinvisible.com\/?s={search_term_string}\"},\"query-input\":{\"@type\":\"PropertyValueSpecification\",\"valueRequired\":true,\"valueName\":\"search_term_string\"}}],\"inLanguage\":\"es\"},{\"@type\":[\"Person\",\"Organization\"],\"@id\":\"https:\/\/narrarloinvisible.com\/#\/schema\/person\/1cd2bd889440ad7212efce7f33e91799\",\"name\":\"Zer\",\"image\":{\"@type\":\"ImageObject\",\"inLanguage\":\"es\",\"@id\":\"https:\/\/narrarloinvisible.com\/#\/schema\/person\/image\/\",\"url\":\"https:\/\/narrarloinvisible.com\/wp-content\/uploads\/2023\/01\/cropped-titulo_web.png\",\"contentUrl\":\"https:\/\/narrarloinvisible.com\/wp-content\/uploads\/2023\/01\/cropped-titulo_web.png\",\"width\":265,\"height\":45,\"caption\":\"Zer\"},\"logo\":{\"@id\":\"https:\/\/narrarloinvisible.com\/#\/schema\/person\/image\/\"},\"sameAs\":[\"http:\/\/narrarloinvisible-com.preview-domain.com\",\"https:\/\/instagram.com\/zde.zer\/\",\"https:\/\/x.com\/https:\/\/twitter.com\/zertuiter\"]}]}<\/script>\n<!-- \/ Yoast SEO plugin. -->","yoast_head_json":{"title":"UNIVERSO - Narrar lo invisible","robots":{"index":"index","follow":"follow","max-snippet":"max-snippet:-1","max-image-preview":"max-image-preview:large","max-video-preview":"max-video-preview:-1"},"canonical":"https:\/\/narrarloinvisible.com\/es\/universo\/","og_locale":"es_ES","og_type":"article","og_title":"UNIVERSO - Narrar lo invisible","og_description":"Si ya te has adentrado en este relato habr\u00e1s descubierto extra\u00f1os protagonistas y secundarios misteriosos, escenarios ic\u00f3nicos y problem\u00e1ticas singulares. En esta p\u00e1gina podr\u00e1s saber algo m\u00e1s sobre ellos y comprender su relevancia narrativa. El H\u00e9roe\u2026 en sus inicios, no era m\u00e1s que uno entre cientos de miles de sensores id\u00e9nticos, mon\u00f3tonos y ap\u00e1ticos. Aparentemente [&hellip;]","og_url":"https:\/\/narrarloinvisible.com\/es\/universo\/","og_site_name":"Narrar lo invisible","article_modified_time":"2023-09-26T11:09:12+00:00","og_image":[{"url":"https:\/\/narrarloinvisible.com\/wp-content\/uploads\/2023\/09\/IMG_2154-1024x1024.jpeg","type":"","width":"","height":""}],"twitter_card":"summary_large_image","twitter_site":"@zertuiter","twitter_misc":{"Tiempo de lectura":"3 minutos"},"schema":{"@context":"https:\/\/schema.org","@graph":[{"@type":"WebPage","@id":"https:\/\/narrarloinvisible.com\/universo\/","url":"https:\/\/narrarloinvisible.com\/universo\/","name":"UNIVERSO - Narrar lo invisible","isPartOf":{"@id":"https:\/\/narrarloinvisible.com\/#website"},"primaryImageOfPage":{"@id":"https:\/\/narrarloinvisible.com\/universo\/#primaryimage"},"image":{"@id":"https:\/\/narrarloinvisible.com\/universo\/#primaryimage"},"thumbnailUrl":"https:\/\/narrarloinvisible.com\/wp-content\/uploads\/2023\/09\/IMG_2154-1024x1024.jpeg","datePublished":"2023-09-26T10:06:37+00:00","dateModified":"2023-09-26T11:09:12+00:00","breadcrumb":{"@id":"https:\/\/narrarloinvisible.com\/universo\/#breadcrumb"},"inLanguage":"es","potentialAction":[{"@type":"ReadAction","target":["https:\/\/narrarloinvisible.com\/universo\/"]}]},{"@type":"ImageObject","inLanguage":"es","@id":"https:\/\/narrarloinvisible.com\/universo\/#primaryimage","url":"https:\/\/narrarloinvisible.com\/wp-content\/uploads\/2023\/09\/IMG_2154-1024x1024.jpeg","contentUrl":"https:\/\/narrarloinvisible.com\/wp-content\/uploads\/2023\/09\/IMG_2154-1024x1024.jpeg"},{"@type":"BreadcrumbList","@id":"https:\/\/narrarloinvisible.com\/universo\/#breadcrumb","itemListElement":[{"@type":"ListItem","position":1,"name":"Portada","item":"https:\/\/narrarloinvisible.com\/"},{"@type":"ListItem","position":2,"name":"UNIVERSO"}]},{"@type":"WebSite","@id":"https:\/\/narrarloinvisible.com\/#website","url":"https:\/\/narrarloinvisible.com\/","name":"Narrar lo invisible","description":"Un webcomic sobre el extra\u00f1amiento \u2014 Zer","publisher":{"@id":"https:\/\/narrarloinvisible.com\/#\/schema\/person\/1cd2bd889440ad7212efce7f33e91799"},"potentialAction":[{"@type":"SearchAction","target":{"@type":"EntryPoint","urlTemplate":"https:\/\/narrarloinvisible.com\/?s={search_term_string}"},"query-input":{"@type":"PropertyValueSpecification","valueRequired":true,"valueName":"search_term_string"}}],"inLanguage":"es"},{"@type":["Person","Organization"],"@id":"https:\/\/narrarloinvisible.com\/#\/schema\/person\/1cd2bd889440ad7212efce7f33e91799","name":"Zer","image":{"@type":"ImageObject","inLanguage":"es","@id":"https:\/\/narrarloinvisible.com\/#\/schema\/person\/image\/","url":"https:\/\/narrarloinvisible.com\/wp-content\/uploads\/2023\/01\/cropped-titulo_web.png","contentUrl":"https:\/\/narrarloinvisible.com\/wp-content\/uploads\/2023\/01\/cropped-titulo_web.png","width":265,"height":45,"caption":"Zer"},"logo":{"@id":"https:\/\/narrarloinvisible.com\/#\/schema\/person\/image\/"},"sameAs":["http:\/\/narrarloinvisible-com.preview-domain.com","https:\/\/instagram.com\/zde.zer\/","https:\/\/x.com\/https:\/\/twitter.com\/zertuiter"]}]}},"_links":{"self":[{"href":"https:\/\/narrarloinvisible.com\/es\/wp-json\/wp\/v2\/pages\/1401","targetHints":{"allow":["GET"]}}],"collection":[{"href":"https:\/\/narrarloinvisible.com\/es\/wp-json\/wp\/v2\/pages"}],"about":[{"href":"https:\/\/narrarloinvisible.com\/es\/wp-json\/wp\/v2\/types\/page"}],"author":[{"embeddable":true,"href":"https:\/\/narrarloinvisible.com\/es\/wp-json\/wp\/v2\/users\/1"}],"replies":[{"embeddable":true,"href":"https:\/\/narrarloinvisible.com\/es\/wp-json\/wp\/v2\/comments?post=1401"}],"version-history":[{"count":15,"href":"https:\/\/narrarloinvisible.com\/es\/wp-json\/wp\/v2\/pages\/1401\/revisions"}],"predecessor-version":[{"id":1861,"href":"https:\/\/narrarloinvisible.com\/es\/wp-json\/wp\/v2\/pages\/1401\/revisions\/1861"}],"wp:attachment":[{"href":"https:\/\/narrarloinvisible.com\/es\/wp-json\/wp\/v2\/media?parent=1401"}],"curies":[{"name":"wp","href":"https:\/\/api.w.org\/{rel}","templated":true}]}}