{"id":273,"date":"2022-12-29T00:36:26","date_gmt":"2022-12-28T23:36:26","guid":{"rendered":"https:\/\/narrarloinvisible.com\/?page_id=273"},"modified":"2023-09-26T12:08:08","modified_gmt":"2023-09-26T11:08:08","slug":"faq","status":"publish","type":"page","link":"https:\/\/narrarloinvisible.com\/es\/faq\/","title":{"rendered":"FAQ"},"content":{"rendered":"\n<h4 class=\"wp-block-heading\">\u00bfQu\u00e9 tipo de c\u00f3mic me voy a encontrar?<\/h4>\n\n\n\n<p class=\"has-20-font-size\">Si me conoces y has le\u00eddo algo de lo que he publicado, no te enga\u00f1ar\u00e9: no te garantizo una lectura sencilla. S\u00ed ser\u00e1 una experiencia original y experimental. Una propuesta que bebe de influencias del c\u00f3mic y del dise\u00f1o de la informaci\u00f3n. Me interesa que se parezca a Chris Ware, Nigel Holmes, Sergio Garc\u00eda, Jaime Serra, Calpurnio, Tom Gauld, Giorgia Lupi, Kevin Huizenga, Dan Zettwoch, Bunpei Yorifuji y otros tantos de los que he aprendido c\u00f3mo expresarme a trav\u00e9s de la narrativa infogr\u00e1fica.<\/p>\n\n\n\n<hr class=\"wp-block-separator has-alpha-channel-opacity is-style-dots\"\/>\n\n\n\n<h4 class=\"wp-block-heading\">\u00bfPor qu\u00e9 existe este c\u00f3mic?<\/h4>\n\n\n\n<p class=\"has-20-font-size\">Esta web es el fruto de una curiosidad que surge en mi etapa de formaci\u00f3n en Bellas Artes y que culmin\u00f3 con una tesis doctoral sobre esquemas y c\u00f3mic. De alguna manera esta es mi particular forma de ense\u00f1aros aquel texto en un formato para (casi) todos los p\u00fablicos.<br><br>Si lo que te va es el hardcore, aqu\u00ed la tienes (la tesis): <strong><a href=\"https:\/\/digibug.ugr.es\/handle\/10481\/42602\" target=\"_blank\" rel=\"noreferrer noopener\">La esquem\u00e1tica en el enriquecimiento del c\u00f3mic<\/a><\/strong>.<\/p>\n\n\n\n<hr class=\"wp-block-separator has-alpha-channel-opacity is-style-dots\"\/>\n\n\n\n<h4 class=\"wp-block-heading\">\u00bfHay otros textos d\u00f3nde profundizar en el tema?<\/h4>\n\n\n\n<p class=\"has-20-font-size\">Adem\u00e1s de la tesis, <strong><a href=\"https:\/\/digibug.ugr.es\/handle\/10481\/42602\" target=\"_blank\" rel=\"noreferrer noopener\">La esquem\u00e1tica en el enriquecimiento del c\u00f3mic<\/a><\/strong>, puedes leer un extracto de la misma en la obra: <strong><a href=\"https:\/\/papiro.unizar.es\/ojs\/index.php\/tropelias\/article\/download\/6920\/6095\" target=\"_blank\" rel=\"noreferrer noopener\">Lenguajes gr\u00e1fico-narrativos: Especificidades, intermedialidades y teor\u00edas gr\u00e1ficas<\/a><\/strong>, d\u00f3nde adem\u00e1s escribo un art\u00edculo a modo de resumen de lo que considero m\u00e1s valioso de mi investigaci\u00f3n. A\u00f1os atr\u00e1s publiqu\u00e9 una aproximaci\u00f3n en la <a href=\"https:\/\/erevistas.publicaciones.uah.es\/ojs\/index.php\/cuadernosdecomic\/article\/download\/1328\/643\/1758\" target=\"_blank\" rel=\"noreferrer noopener\"><strong>revista Cuco<\/strong><\/a> con el que arranqu\u00e9 las reflexiones sobre los encuentros entre esquemas y c\u00f3mic. <br><br>Poco a poco, intento hacer el camino de ida y vuelta; trato de volcar la mirada narrativa en el dise\u00f1o de la informaci\u00f3n, por ejemplo localizando <a href=\"https:\/\/medium.com\/think-by-shifta\/5-autores-para-una-visualizaci\u00f3n-de-datos-emocional-5caf41879e7b\" target=\"_blank\" rel=\"noreferrer noopener\"><strong>4 autores para una visualizaci\u00f3n de datos emocional<\/strong><\/a> o aportando <strong><a href=\"https:\/\/medium.com\/think-by-shifta\/tres-claves-para-una-infograf\u00eda-narrativa-58b4ca79d22a\" target=\"_blank\" rel=\"noreferrer noopener\">Tres claves para una infograf\u00eda narrativa<\/a><\/strong>.<\/p>\n\n\n\n<div style=\"height:20px\" aria-hidden=\"true\" class=\"wp-block-spacer\"><\/div>\n","protected":false},"excerpt":{"rendered":"<p>\u00bfQu\u00e9 tipo de c\u00f3mic me voy a encontrar? Si me conoces y has le\u00eddo algo de lo que he publicado, no te enga\u00f1ar\u00e9: no te garantizo una lectura sencilla. S\u00ed ser\u00e1 una experiencia original y experimental. Una propuesta que bebe de influencias del c\u00f3mic y del dise\u00f1o de la informaci\u00f3n. Me interesa que se parezca [&hellip;]<\/p>\n","protected":false},"author":1,"featured_media":0,"parent":0,"menu_order":0,"comment_status":"closed","ping_status":"closed","template":"","meta":{"footnotes":""},"class_list":["post-273","page","type-page","status-publish","hentry"],"yoast_head":"<!-- This site is optimized with the Yoast SEO plugin v25.7 - https:\/\/yoast.com\/wordpress\/plugins\/seo\/ -->\n<title>FAQ - Narrar lo invisible<\/title>\n<meta name=\"robots\" content=\"index, follow, max-snippet:-1, max-image-preview:large, max-video-preview:-1\" \/>\n<link rel=\"canonical\" href=\"https:\/\/narrarloinvisible.com\/es\/faq\/\" \/>\n<meta property=\"og:locale\" content=\"es_ES\" \/>\n<meta property=\"og:type\" content=\"article\" \/>\n<meta property=\"og:title\" content=\"FAQ - Narrar lo invisible\" \/>\n<meta property=\"og:description\" content=\"\u00bfQu\u00e9 tipo de c\u00f3mic me voy a encontrar? Si me conoces y has le\u00eddo algo de lo que he publicado, no te enga\u00f1ar\u00e9: no te garantizo una lectura sencilla. S\u00ed ser\u00e1 una experiencia original y experimental. Una propuesta que bebe de influencias del c\u00f3mic y del dise\u00f1o de la informaci\u00f3n. Me interesa que se parezca [&hellip;]\" \/>\n<meta property=\"og:url\" content=\"https:\/\/narrarloinvisible.com\/es\/faq\/\" \/>\n<meta property=\"og:site_name\" content=\"Narrar lo invisible\" \/>\n<meta property=\"article:modified_time\" content=\"2023-09-26T11:08:08+00:00\" \/>\n<meta name=\"twitter:card\" content=\"summary_large_image\" \/>\n<meta name=\"twitter:site\" content=\"@zertuiter\" \/>\n<meta name=\"twitter:label1\" content=\"Tiempo de lectura\" \/>\n\t<meta name=\"twitter:data1\" content=\"2 minutos\" \/>\n<script type=\"application\/ld+json\" class=\"yoast-schema-graph\">{\"@context\":\"https:\/\/schema.org\",\"@graph\":[{\"@type\":\"WebPage\",\"@id\":\"https:\/\/narrarloinvisible.com\/faq\/\",\"url\":\"https:\/\/narrarloinvisible.com\/faq\/\",\"name\":\"FAQ - Narrar lo invisible\",\"isPartOf\":{\"@id\":\"https:\/\/narrarloinvisible.com\/#website\"},\"datePublished\":\"2022-12-28T23:36:26+00:00\",\"dateModified\":\"2023-09-26T11:08:08+00:00\",\"breadcrumb\":{\"@id\":\"https:\/\/narrarloinvisible.com\/faq\/#breadcrumb\"},\"inLanguage\":\"es\",\"potentialAction\":[{\"@type\":\"ReadAction\",\"target\":[\"https:\/\/narrarloinvisible.com\/faq\/\"]}]},{\"@type\":\"BreadcrumbList\",\"@id\":\"https:\/\/narrarloinvisible.com\/faq\/#breadcrumb\",\"itemListElement\":[{\"@type\":\"ListItem\",\"position\":1,\"name\":\"Portada\",\"item\":\"https:\/\/narrarloinvisible.com\/\"},{\"@type\":\"ListItem\",\"position\":2,\"name\":\"FAQ\"}]},{\"@type\":\"WebSite\",\"@id\":\"https:\/\/narrarloinvisible.com\/#website\",\"url\":\"https:\/\/narrarloinvisible.com\/\",\"name\":\"Narrar lo invisible\",\"description\":\"Un webcomic sobre el extra\u00f1amiento \u2014 Zer\",\"publisher\":{\"@id\":\"https:\/\/narrarloinvisible.com\/#\/schema\/person\/1cd2bd889440ad7212efce7f33e91799\"},\"potentialAction\":[{\"@type\":\"SearchAction\",\"target\":{\"@type\":\"EntryPoint\",\"urlTemplate\":\"https:\/\/narrarloinvisible.com\/?s={search_term_string}\"},\"query-input\":{\"@type\":\"PropertyValueSpecification\",\"valueRequired\":true,\"valueName\":\"search_term_string\"}}],\"inLanguage\":\"es\"},{\"@type\":[\"Person\",\"Organization\"],\"@id\":\"https:\/\/narrarloinvisible.com\/#\/schema\/person\/1cd2bd889440ad7212efce7f33e91799\",\"name\":\"Zer\",\"image\":{\"@type\":\"ImageObject\",\"inLanguage\":\"es\",\"@id\":\"https:\/\/narrarloinvisible.com\/#\/schema\/person\/image\/\",\"url\":\"https:\/\/narrarloinvisible.com\/wp-content\/uploads\/2023\/01\/cropped-titulo_web.png\",\"contentUrl\":\"https:\/\/narrarloinvisible.com\/wp-content\/uploads\/2023\/01\/cropped-titulo_web.png\",\"width\":265,\"height\":45,\"caption\":\"Zer\"},\"logo\":{\"@id\":\"https:\/\/narrarloinvisible.com\/#\/schema\/person\/image\/\"},\"sameAs\":[\"http:\/\/narrarloinvisible-com.preview-domain.com\",\"https:\/\/instagram.com\/zde.zer\/\",\"https:\/\/x.com\/https:\/\/twitter.com\/zertuiter\"]}]}<\/script>\n<!-- \/ Yoast SEO plugin. -->","yoast_head_json":{"title":"FAQ - Narrar lo invisible","robots":{"index":"index","follow":"follow","max-snippet":"max-snippet:-1","max-image-preview":"max-image-preview:large","max-video-preview":"max-video-preview:-1"},"canonical":"https:\/\/narrarloinvisible.com\/es\/faq\/","og_locale":"es_ES","og_type":"article","og_title":"FAQ - Narrar lo invisible","og_description":"\u00bfQu\u00e9 tipo de c\u00f3mic me voy a encontrar? Si me conoces y has le\u00eddo algo de lo que he publicado, no te enga\u00f1ar\u00e9: no te garantizo una lectura sencilla. S\u00ed ser\u00e1 una experiencia original y experimental. Una propuesta que bebe de influencias del c\u00f3mic y del dise\u00f1o de la informaci\u00f3n. Me interesa que se parezca [&hellip;]","og_url":"https:\/\/narrarloinvisible.com\/es\/faq\/","og_site_name":"Narrar lo invisible","article_modified_time":"2023-09-26T11:08:08+00:00","twitter_card":"summary_large_image","twitter_site":"@zertuiter","twitter_misc":{"Tiempo de lectura":"2 minutos"},"schema":{"@context":"https:\/\/schema.org","@graph":[{"@type":"WebPage","@id":"https:\/\/narrarloinvisible.com\/faq\/","url":"https:\/\/narrarloinvisible.com\/faq\/","name":"FAQ - Narrar lo invisible","isPartOf":{"@id":"https:\/\/narrarloinvisible.com\/#website"},"datePublished":"2022-12-28T23:36:26+00:00","dateModified":"2023-09-26T11:08:08+00:00","breadcrumb":{"@id":"https:\/\/narrarloinvisible.com\/faq\/#breadcrumb"},"inLanguage":"es","potentialAction":[{"@type":"ReadAction","target":["https:\/\/narrarloinvisible.com\/faq\/"]}]},{"@type":"BreadcrumbList","@id":"https:\/\/narrarloinvisible.com\/faq\/#breadcrumb","itemListElement":[{"@type":"ListItem","position":1,"name":"Portada","item":"https:\/\/narrarloinvisible.com\/"},{"@type":"ListItem","position":2,"name":"FAQ"}]},{"@type":"WebSite","@id":"https:\/\/narrarloinvisible.com\/#website","url":"https:\/\/narrarloinvisible.com\/","name":"Narrar lo invisible","description":"Un webcomic sobre el extra\u00f1amiento \u2014 Zer","publisher":{"@id":"https:\/\/narrarloinvisible.com\/#\/schema\/person\/1cd2bd889440ad7212efce7f33e91799"},"potentialAction":[{"@type":"SearchAction","target":{"@type":"EntryPoint","urlTemplate":"https:\/\/narrarloinvisible.com\/?s={search_term_string}"},"query-input":{"@type":"PropertyValueSpecification","valueRequired":true,"valueName":"search_term_string"}}],"inLanguage":"es"},{"@type":["Person","Organization"],"@id":"https:\/\/narrarloinvisible.com\/#\/schema\/person\/1cd2bd889440ad7212efce7f33e91799","name":"Zer","image":{"@type":"ImageObject","inLanguage":"es","@id":"https:\/\/narrarloinvisible.com\/#\/schema\/person\/image\/","url":"https:\/\/narrarloinvisible.com\/wp-content\/uploads\/2023\/01\/cropped-titulo_web.png","contentUrl":"https:\/\/narrarloinvisible.com\/wp-content\/uploads\/2023\/01\/cropped-titulo_web.png","width":265,"height":45,"caption":"Zer"},"logo":{"@id":"https:\/\/narrarloinvisible.com\/#\/schema\/person\/image\/"},"sameAs":["http:\/\/narrarloinvisible-com.preview-domain.com","https:\/\/instagram.com\/zde.zer\/","https:\/\/x.com\/https:\/\/twitter.com\/zertuiter"]}]}},"_links":{"self":[{"href":"https:\/\/narrarloinvisible.com\/es\/wp-json\/wp\/v2\/pages\/273","targetHints":{"allow":["GET"]}}],"collection":[{"href":"https:\/\/narrarloinvisible.com\/es\/wp-json\/wp\/v2\/pages"}],"about":[{"href":"https:\/\/narrarloinvisible.com\/es\/wp-json\/wp\/v2\/types\/page"}],"author":[{"embeddable":true,"href":"https:\/\/narrarloinvisible.com\/es\/wp-json\/wp\/v2\/users\/1"}],"replies":[{"embeddable":true,"href":"https:\/\/narrarloinvisible.com\/es\/wp-json\/wp\/v2\/comments?post=273"}],"version-history":[{"count":26,"href":"https:\/\/narrarloinvisible.com\/es\/wp-json\/wp\/v2\/pages\/273\/revisions"}],"predecessor-version":[{"id":1433,"href":"https:\/\/narrarloinvisible.com\/es\/wp-json\/wp\/v2\/pages\/273\/revisions\/1433"}],"wp:attachment":[{"href":"https:\/\/narrarloinvisible.com\/es\/wp-json\/wp\/v2\/media?parent=273"}],"curies":[{"name":"wp","href":"https:\/\/api.w.org\/{rel}","templated":true}]}}